{"id":117382,"date":"2025-11-13T08:08:38","date_gmt":"2025-11-13T07:08:38","guid":{"rendered":"https:\/\/www.ernstbrunn-apotheke.at\/katalog\/produkt\/npd-bertram-pulver-streudose-30-g\/"},"modified":"2025-12-08T23:00:54","modified_gmt":"2025-12-08T22:00:54","slug":"npd-bertram-pulver-streudose-30-g","status":"publish","type":"product","link":"https:\/\/www.ernstbrunn-apotheke.at\/katalog\/produkt\/npd-bertram-pulver-streudose-30-g\/","title":{"rendered":"NPD Bertram Pulver Streudose 30 g"},"content":{"rendered":"<p>NP&#038;D ist ein Produktions- und Handelsbetrieb mit Schwerpunkt Pflanzen\u00f6le und Fette f\u00fcr Nahrung und Kosmetik sowie \u00c4therische \u00d6le. Viele unserer Produkte sind aus kontrolliert biologischen Anbau und zertifiziert durch die Austria Bio Garantie.<\/p>\n","protected":false},"excerpt":{"rendered":"<p>NP&#038;D ist ein Produktions- und Handelsbetrieb mit Schwerpunkt Pflanzen\u00f6le und Fette f\u00fcr Nahrung und Kosmetik sowie \u00c4therische \u00d6le. Viele unserer Produkte sind aus kontrolliert biologischen Anbau und zertifiziert durch die Austria Bio Garantie.<\/p>\n","protected":false},"featured_media":117384,"template":"","meta":{"_acf_changed":false},"product_brand":[],"product_cat":[797],"product_tag":[],"class_list":{"0":"post-117382","1":"product","2":"type-product","3":"status-publish","4":"has-post-thumbnail","6":"product_cat-n","7":"pa_packungsgroesse-30g","9":"first","10":"instock","11":"shipping-taxable","12":"purchasable","13":"product-type-simple"},"acf":[],"_links":{"self":[{"href":"https:\/\/www.ernstbrunn-apotheke.at\/katalog\/wp-json\/wp\/v2\/product\/117382","targetHints":{"allow":["GET"]}}],"collection":[{"href":"https:\/\/www.ernstbrunn-apotheke.at\/katalog\/wp-json\/wp\/v2\/product"}],"about":[{"href":"https:\/\/www.ernstbrunn-apotheke.at\/katalog\/wp-json\/wp\/v2\/types\/product"}],"wp:featuredmedia":[{"embeddable":true,"href":"https:\/\/www.ernstbrunn-apotheke.at\/katalog\/wp-json\/wp\/v2\/media\/117384"}],"wp:attachment":[{"href":"https:\/\/www.ernstbrunn-apotheke.at\/katalog\/wp-json\/wp\/v2\/media?parent=117382"}],"wp:term":[{"taxonomy":"product_brand","embeddable":true,"href":"https:\/\/www.ernstbrunn-apotheke.at\/katalog\/wp-json\/wp\/v2\/product_brand?post=117382"},{"taxonomy":"product_cat","embeddable":true,"href":"https:\/\/www.ernstbrunn-apotheke.at\/katalog\/wp-json\/wp\/v2\/product_cat?post=117382"},{"taxonomy":"product_tag","embeddable":true,"href":"https:\/\/www.ernstbrunn-apotheke.at\/katalog\/wp-json\/wp\/v2\/product_tag?post=117382"}],"curies":[{"name":"wp","href":"https:\/\/api.w.org\/{rel}","templated":true}]}}