{"id":117085,"date":"2025-11-13T08:01:25","date_gmt":"2025-11-13T07:01:25","guid":{"rendered":"https:\/\/www.ernstbrunn-apotheke.at\/katalog\/produkt\/murnauers-kinder-bachblueten-kopf-hoch-globuli-10-g\/"},"modified":"2025-12-08T22:59:46","modified_gmt":"2025-12-08T21:59:46","slug":"murnauers-kinder-bachblueten-kopf-hoch-globuli-10-g","status":"publish","type":"product","link":"https:\/\/www.ernstbrunn-apotheke.at\/katalog\/produkt\/murnauers-kinder-bachblueten-kopf-hoch-globuli-10-g\/","title":{"rendered":"Murnauers Kinder Bachbl\u00fcten Kopf hoch Globuli 10 g"},"content":{"rendered":"<p>Murnauers Bachbl\u00fcten Kinder Kopf hoch Globuli ist die nat\u00fcrliche Unterst\u00fctzung in traurigen Situationen im Leben. Helfen k\u00f6nnen dabei neben elterliche Liebe Bachbl\u00fcten von Murnauer. Sie spenden Trost und neuen Trost.<\/p>\n","protected":false},"excerpt":{"rendered":"<p>Murnauers Bachbl\u00fcten Kinder Kopf hoch Globuli ist die nat\u00fcrliche Unterst\u00fctzung in traurigen Situationen im Leben. Helfen k\u00f6nnen dabei neben elterliche Liebe Bachbl\u00fcten von Murnauer. Sie spenden Trost und neuen Trost.<\/p>\n","protected":false},"featured_media":117087,"template":"","meta":{"_acf_changed":false},"product_brand":[],"product_cat":[800],"product_tag":[],"class_list":{"0":"post-117085","1":"product","2":"type-product","3":"status-publish","4":"has-post-thumbnail","6":"product_cat-m","7":"pa_packungsgroesse-10g","9":"first","10":"instock","11":"shipping-taxable","12":"purchasable","13":"product-type-simple"},"acf":[],"_links":{"self":[{"href":"https:\/\/www.ernstbrunn-apotheke.at\/katalog\/wp-json\/wp\/v2\/product\/117085","targetHints":{"allow":["GET"]}}],"collection":[{"href":"https:\/\/www.ernstbrunn-apotheke.at\/katalog\/wp-json\/wp\/v2\/product"}],"about":[{"href":"https:\/\/www.ernstbrunn-apotheke.at\/katalog\/wp-json\/wp\/v2\/types\/product"}],"wp:featuredmedia":[{"embeddable":true,"href":"https:\/\/www.ernstbrunn-apotheke.at\/katalog\/wp-json\/wp\/v2\/media\/117087"}],"wp:attachment":[{"href":"https:\/\/www.ernstbrunn-apotheke.at\/katalog\/wp-json\/wp\/v2\/media?parent=117085"}],"wp:term":[{"taxonomy":"product_brand","embeddable":true,"href":"https:\/\/www.ernstbrunn-apotheke.at\/katalog\/wp-json\/wp\/v2\/product_brand?post=117085"},{"taxonomy":"product_cat","embeddable":true,"href":"https:\/\/www.ernstbrunn-apotheke.at\/katalog\/wp-json\/wp\/v2\/product_cat?post=117085"},{"taxonomy":"product_tag","embeddable":true,"href":"https:\/\/www.ernstbrunn-apotheke.at\/katalog\/wp-json\/wp\/v2\/product_tag?post=117085"}],"curies":[{"name":"wp","href":"https:\/\/api.w.org\/{rel}","templated":true}]}}