{"id":116977,"date":"2025-11-13T07:59:11","date_gmt":"2025-11-13T06:59:11","guid":{"rendered":"https:\/\/www.ernstbrunn-apotheke.at\/katalog\/produkt\/bachbluete-holly-15-20-ml\/"},"modified":"2025-12-08T22:58:56","modified_gmt":"2025-12-08T21:58:56","slug":"bachbluete-holly-15-20-ml","status":"publish","type":"product","link":"https:\/\/www.ernstbrunn-apotheke.at\/katalog\/produkt\/bachbluete-holly-15-20-ml\/","title":{"rendered":"Bachbl\u00fcte Holly 15 20 ml"},"content":{"rendered":"<p>Bachbl\u00fcte Nr. 15 Original Flower Remedies Holly unterst\u00fctzt bei: Eifersucht, Misstrauen, Hass- und Neidgef\u00fchlen auf allen Ebenen .<\/p>\n","protected":false},"excerpt":{"rendered":"<p>Bachbl\u00fcte Nr. 15 Original Flower Remedies Holly unterst\u00fctzt bei: Eifersucht, Misstrauen, Hass- und Neidgef\u00fchlen auf allen Ebenen .<\/p>\n","protected":false},"featured_media":116979,"template":"","meta":{"_acf_changed":false},"product_brand":[],"product_cat":[802],"product_tag":[],"class_list":{"0":"post-116977","1":"product","2":"type-product","3":"status-publish","4":"has-post-thumbnail","6":"product_cat-b","7":"pa_packungsgroesse-20ml","9":"first","10":"instock","11":"shipping-taxable","12":"purchasable","13":"product-type-simple"},"acf":[],"_links":{"self":[{"href":"https:\/\/www.ernstbrunn-apotheke.at\/katalog\/wp-json\/wp\/v2\/product\/116977","targetHints":{"allow":["GET"]}}],"collection":[{"href":"https:\/\/www.ernstbrunn-apotheke.at\/katalog\/wp-json\/wp\/v2\/product"}],"about":[{"href":"https:\/\/www.ernstbrunn-apotheke.at\/katalog\/wp-json\/wp\/v2\/types\/product"}],"wp:featuredmedia":[{"embeddable":true,"href":"https:\/\/www.ernstbrunn-apotheke.at\/katalog\/wp-json\/wp\/v2\/media\/116979"}],"wp:attachment":[{"href":"https:\/\/www.ernstbrunn-apotheke.at\/katalog\/wp-json\/wp\/v2\/media?parent=116977"}],"wp:term":[{"taxonomy":"product_brand","embeddable":true,"href":"https:\/\/www.ernstbrunn-apotheke.at\/katalog\/wp-json\/wp\/v2\/product_brand?post=116977"},{"taxonomy":"product_cat","embeddable":true,"href":"https:\/\/www.ernstbrunn-apotheke.at\/katalog\/wp-json\/wp\/v2\/product_cat?post=116977"},{"taxonomy":"product_tag","embeddable":true,"href":"https:\/\/www.ernstbrunn-apotheke.at\/katalog\/wp-json\/wp\/v2\/product_tag?post=116977"}],"curies":[{"name":"wp","href":"https:\/\/api.w.org\/{rel}","templated":true}]}}