{"id":116961,"date":"2025-11-13T07:58:34","date_gmt":"2025-11-13T06:58:34","guid":{"rendered":"https:\/\/www.ernstbrunn-apotheke.at\/katalog\/produkt\/apopharm-bachblueten-rescue-pets-tropfen-10-ml\/"},"modified":"2025-12-08T22:58:53","modified_gmt":"2025-12-08T21:58:53","slug":"apopharm-bachblueten-rescue-pets-tropfen-10-ml","status":"publish","type":"product","link":"https:\/\/www.ernstbrunn-apotheke.at\/katalog\/produkt\/apopharm-bachblueten-rescue-pets-tropfen-10-ml\/","title":{"rendered":"Apopharm Bachbl\u00fcten Rescue Pets Tropfen 10 ml"},"content":{"rendered":"<p>Apopharm Bachbl\u00fcten Rescue Pets Tropfen sind alkoholfrei und speziell f\u00fcr Haustiere entwickelt. Sie kommen bei Situationen mit au\u00dfergew\u00f6hnlichen Belastungen zum Einsatz. So sind sie besonders bei einem Gewitter oder auch vor dem Besuch beim Tierarzt oder vor dem Antritt einer Reise zu empfehlen.<\/p>\n","protected":false},"excerpt":{"rendered":"<p>Apopharm Bachbl\u00fcten Rescue Pets Tropfen sind alkoholfrei und speziell f\u00fcr Haustiere entwickelt. Sie kommen bei Situationen mit au\u00dfergew\u00f6hnlichen Belastungen zum Einsatz. So sind sie besonders bei einem Gewitter oder auch vor dem Besuch beim Tierarzt oder vor dem Antritt einer Reise zu empfehlen.<\/p>\n","protected":false},"featured_media":116963,"template":"","meta":{"_acf_changed":false},"product_brand":[],"product_cat":[801],"product_tag":[],"class_list":{"0":"post-116961","1":"product","2":"type-product","3":"status-publish","4":"has-post-thumbnail","6":"product_cat-a","7":"pa_packungsgroesse-10ml","9":"first","10":"instock","11":"shipping-taxable","12":"purchasable","13":"product-type-simple"},"acf":[],"_links":{"self":[{"href":"https:\/\/www.ernstbrunn-apotheke.at\/katalog\/wp-json\/wp\/v2\/product\/116961","targetHints":{"allow":["GET"]}}],"collection":[{"href":"https:\/\/www.ernstbrunn-apotheke.at\/katalog\/wp-json\/wp\/v2\/product"}],"about":[{"href":"https:\/\/www.ernstbrunn-apotheke.at\/katalog\/wp-json\/wp\/v2\/types\/product"}],"wp:featuredmedia":[{"embeddable":true,"href":"https:\/\/www.ernstbrunn-apotheke.at\/katalog\/wp-json\/wp\/v2\/media\/116963"}],"wp:attachment":[{"href":"https:\/\/www.ernstbrunn-apotheke.at\/katalog\/wp-json\/wp\/v2\/media?parent=116961"}],"wp:term":[{"taxonomy":"product_brand","embeddable":true,"href":"https:\/\/www.ernstbrunn-apotheke.at\/katalog\/wp-json\/wp\/v2\/product_brand?post=116961"},{"taxonomy":"product_cat","embeddable":true,"href":"https:\/\/www.ernstbrunn-apotheke.at\/katalog\/wp-json\/wp\/v2\/product_cat?post=116961"},{"taxonomy":"product_tag","embeddable":true,"href":"https:\/\/www.ernstbrunn-apotheke.at\/katalog\/wp-json\/wp\/v2\/product_tag?post=116961"}],"curies":[{"name":"wp","href":"https:\/\/api.w.org\/{rel}","templated":true}]}}