{"id":116937,"date":"2025-11-13T07:58:16","date_gmt":"2025-11-13T06:58:16","guid":{"rendered":"https:\/\/www.ernstbrunn-apotheke.at\/katalog\/produkt\/adler-bachblueten-sweet-chestnut-tropfen-30-ml\/"},"modified":"2025-12-08T22:58:40","modified_gmt":"2025-12-08T21:58:40","slug":"adler-bachblueten-sweet-chestnut-tropfen-30-ml","status":"publish","type":"product","link":"https:\/\/www.ernstbrunn-apotheke.at\/katalog\/produkt\/adler-bachblueten-sweet-chestnut-tropfen-30-ml\/","title":{"rendered":"Adler Bachbl\u00fcten Sweet Chestnut Tropfen 30 ml"},"content":{"rendered":"<p>Adler Bachbl\u00fcten Sweet Chestnut Tropfen 30 ml sind Teil der &#8222;Zweiten Neunzehn&#8220; Bachbl\u00fctenessenzen, die mit Gem\u00fctszust\u00e4nden verwandt sind und sich auf allt\u00e4gliche Situationen beziehen. Sweet Chestnut Tropfen eignen sich besonders f\u00fcr verzweifelte und hoffnunglose Menschen und k\u00f6nnen neben einer Behandlung bei Depression oder extremen seelischen Leiden unterst\u00fctzend wirken &#8211; jetzt alle Bachbl\u00fctenessenzen von Adler zu g\u00fcnstigen Preisen online bestellen!<\/p>\n","protected":false},"excerpt":{"rendered":"<p>Adler Bachbl\u00fcten Sweet Chestnut Tropfen 30 ml sind Teil der &#8222;Zweiten Neunzehn&#8220; Bachbl\u00fctenessenzen, die mit Gem\u00fctszust\u00e4nden verwandt sind und sich auf allt\u00e4gliche Situationen beziehen. Sweet Chestnut Tropfen eignen sich besonders f\u00fcr verzweifelte und hoffnunglose Menschen und k\u00f6nnen neben einer Behandlung bei Depression oder extremen seelischen Leiden unterst\u00fctzend wirken &#8211; jetzt alle Bachbl\u00fctenessenzen von Adler zu [&hellip;]<\/p>\n","protected":false},"featured_media":116939,"template":"","meta":{"_acf_changed":false},"product_brand":[],"product_cat":[801],"product_tag":[],"class_list":{"0":"post-116937","1":"product","2":"type-product","3":"status-publish","4":"has-post-thumbnail","6":"product_cat-a","7":"pa_packungsgroesse-30ml","9":"first","10":"instock","11":"shipping-taxable","12":"purchasable","13":"product-type-simple"},"acf":[],"_links":{"self":[{"href":"https:\/\/www.ernstbrunn-apotheke.at\/katalog\/wp-json\/wp\/v2\/product\/116937","targetHints":{"allow":["GET"]}}],"collection":[{"href":"https:\/\/www.ernstbrunn-apotheke.at\/katalog\/wp-json\/wp\/v2\/product"}],"about":[{"href":"https:\/\/www.ernstbrunn-apotheke.at\/katalog\/wp-json\/wp\/v2\/types\/product"}],"wp:featuredmedia":[{"embeddable":true,"href":"https:\/\/www.ernstbrunn-apotheke.at\/katalog\/wp-json\/wp\/v2\/media\/116939"}],"wp:attachment":[{"href":"https:\/\/www.ernstbrunn-apotheke.at\/katalog\/wp-json\/wp\/v2\/media?parent=116937"}],"wp:term":[{"taxonomy":"product_brand","embeddable":true,"href":"https:\/\/www.ernstbrunn-apotheke.at\/katalog\/wp-json\/wp\/v2\/product_brand?post=116937"},{"taxonomy":"product_cat","embeddable":true,"href":"https:\/\/www.ernstbrunn-apotheke.at\/katalog\/wp-json\/wp\/v2\/product_cat?post=116937"},{"taxonomy":"product_tag","embeddable":true,"href":"https:\/\/www.ernstbrunn-apotheke.at\/katalog\/wp-json\/wp\/v2\/product_tag?post=116937"}],"curies":[{"name":"wp","href":"https:\/\/api.w.org\/{rel}","templated":true}]}}