{"id":116934,"date":"2025-11-13T07:57:57","date_gmt":"2025-11-13T06:57:57","guid":{"rendered":"https:\/\/www.ernstbrunn-apotheke.at\/katalog\/produkt\/adler-bachblueten-scleranthus-tropfen-30-ml\/"},"modified":"2025-12-08T22:58:37","modified_gmt":"2025-12-08T21:58:37","slug":"adler-bachblueten-scleranthus-tropfen-30-ml","status":"publish","type":"product","link":"https:\/\/www.ernstbrunn-apotheke.at\/katalog\/produkt\/adler-bachblueten-scleranthus-tropfen-30-ml\/","title":{"rendered":"Adler Bachbl\u00fcten Scleranthus Tropfen 30 ml"},"content":{"rendered":"<p>Adler Bachbl\u00fcten Scleranthus Tropfen 30 ml sind Teil der &#8222;Ersten Zw\u00f6lf&#8220; Bachbl\u00fcten und beschreiben, was f\u00fcr ein Typ Mensch Sie sind. Scleranthus Tropfen eignen sich besonders f\u00fcr Menschen, denen es schwerf\u00e4llt, sich zu entscheiden und k\u00f6nnen bei Entscheidungsschw\u00e4che, Inkonsequenz, Unausgeglichenheit,  Sprunghaftigkeit, Unzuverl\u00e4ssigkeit und Konzentrationsschw\u00e4che unterst\u00fctzend wirken &#8211; jetzt alle Bachbl\u00fctenessenzen von Adler zu g\u00fcnstigen Preisen online bestellen!<\/p>\n","protected":false},"excerpt":{"rendered":"<p>Adler Bachbl\u00fcten Scleranthus Tropfen 30 ml sind Teil der &#8222;Ersten Zw\u00f6lf&#8220; Bachbl\u00fcten und beschreiben, was f\u00fcr ein Typ Mensch Sie sind. Scleranthus Tropfen eignen sich besonders f\u00fcr Menschen, denen es schwerf\u00e4llt, sich zu entscheiden und k\u00f6nnen bei Entscheidungsschw\u00e4che, Inkonsequenz, Unausgeglichenheit, Sprunghaftigkeit, Unzuverl\u00e4ssigkeit und Konzentrationsschw\u00e4che unterst\u00fctzend wirken &#8211; jetzt alle Bachbl\u00fctenessenzen von Adler zu g\u00fcnstigen Preisen [&hellip;]<\/p>\n","protected":false},"featured_media":116936,"template":"","meta":{"_acf_changed":false},"product_brand":[],"product_cat":[801],"product_tag":[],"class_list":{"0":"post-116934","1":"product","2":"type-product","3":"status-publish","4":"has-post-thumbnail","6":"product_cat-a","7":"pa_packungsgroesse-30ml","9":"first","10":"instock","11":"shipping-taxable","12":"purchasable","13":"product-type-simple"},"acf":[],"_links":{"self":[{"href":"https:\/\/www.ernstbrunn-apotheke.at\/katalog\/wp-json\/wp\/v2\/product\/116934","targetHints":{"allow":["GET"]}}],"collection":[{"href":"https:\/\/www.ernstbrunn-apotheke.at\/katalog\/wp-json\/wp\/v2\/product"}],"about":[{"href":"https:\/\/www.ernstbrunn-apotheke.at\/katalog\/wp-json\/wp\/v2\/types\/product"}],"wp:featuredmedia":[{"embeddable":true,"href":"https:\/\/www.ernstbrunn-apotheke.at\/katalog\/wp-json\/wp\/v2\/media\/116936"}],"wp:attachment":[{"href":"https:\/\/www.ernstbrunn-apotheke.at\/katalog\/wp-json\/wp\/v2\/media?parent=116934"}],"wp:term":[{"taxonomy":"product_brand","embeddable":true,"href":"https:\/\/www.ernstbrunn-apotheke.at\/katalog\/wp-json\/wp\/v2\/product_brand?post=116934"},{"taxonomy":"product_cat","embeddable":true,"href":"https:\/\/www.ernstbrunn-apotheke.at\/katalog\/wp-json\/wp\/v2\/product_cat?post=116934"},{"taxonomy":"product_tag","embeddable":true,"href":"https:\/\/www.ernstbrunn-apotheke.at\/katalog\/wp-json\/wp\/v2\/product_tag?post=116934"}],"curies":[{"name":"wp","href":"https:\/\/api.w.org\/{rel}","templated":true}]}}