{"id":116877,"date":"2025-11-13T07:57:03","date_gmt":"2025-11-13T06:57:03","guid":{"rendered":"https:\/\/www.ernstbrunn-apotheke.at\/katalog\/produkt\/adler-bachblueten-cherry-plum-tropfen-30-ml\/"},"modified":"2025-12-08T22:58:07","modified_gmt":"2025-12-08T21:58:07","slug":"adler-bachblueten-cherry-plum-tropfen-30-ml","status":"publish","type":"product","link":"https:\/\/www.ernstbrunn-apotheke.at\/katalog\/produkt\/adler-bachblueten-cherry-plum-tropfen-30-ml\/","title":{"rendered":"Adler Bachbl\u00fcten Cherry Plum Tropfen 30 ml"},"content":{"rendered":"<p>Adler Bachbl\u00fcten Cherry Plum Tropfen 30 ml sind Teil der &#8222;Zweiten Neunzehn&#8220; Bachbl\u00fctenessenzen, die mit Gem\u00fctszust\u00e4nden verwandt sind und sich auf allt\u00e4gliche Situationen beziehen. Cherry Plum Tropfen eignen sich besonders f\u00fcr Menschen, die besorgt sind, die Kontrolle zu verlieren oder etwas Unangemessenes zu verursachen und k\u00f6nnen bei seelischem oder emotionalem \u00dcberdruck unterst\u00fctzend wirken<\/p>\n","protected":false},"excerpt":{"rendered":"<p>Adler Bachbl\u00fcten Cherry Plum Tropfen 30 ml sind Teil der &#8222;Zweiten Neunzehn&#8220; Bachbl\u00fctenessenzen, die mit Gem\u00fctszust\u00e4nden verwandt sind und sich auf allt\u00e4gliche Situationen beziehen. Cherry Plum Tropfen eignen sich besonders f\u00fcr Menschen, die besorgt sind, die Kontrolle zu verlieren oder etwas Unangemessenes zu verursachen und k\u00f6nnen bei seelischem oder emotionalem \u00dcberdruck unterst\u00fctzend wirken<\/p>\n","protected":false},"featured_media":116879,"template":"","meta":{"_acf_changed":false},"product_brand":[],"product_cat":[801],"product_tag":[],"class_list":{"0":"post-116877","1":"product","2":"type-product","3":"status-publish","4":"has-post-thumbnail","6":"product_cat-a","7":"pa_packungsgroesse-30ml","9":"first","10":"instock","11":"shipping-taxable","12":"purchasable","13":"product-type-simple"},"acf":[],"_links":{"self":[{"href":"https:\/\/www.ernstbrunn-apotheke.at\/katalog\/wp-json\/wp\/v2\/product\/116877","targetHints":{"allow":["GET"]}}],"collection":[{"href":"https:\/\/www.ernstbrunn-apotheke.at\/katalog\/wp-json\/wp\/v2\/product"}],"about":[{"href":"https:\/\/www.ernstbrunn-apotheke.at\/katalog\/wp-json\/wp\/v2\/types\/product"}],"wp:featuredmedia":[{"embeddable":true,"href":"https:\/\/www.ernstbrunn-apotheke.at\/katalog\/wp-json\/wp\/v2\/media\/116879"}],"wp:attachment":[{"href":"https:\/\/www.ernstbrunn-apotheke.at\/katalog\/wp-json\/wp\/v2\/media?parent=116877"}],"wp:term":[{"taxonomy":"product_brand","embeddable":true,"href":"https:\/\/www.ernstbrunn-apotheke.at\/katalog\/wp-json\/wp\/v2\/product_brand?post=116877"},{"taxonomy":"product_cat","embeddable":true,"href":"https:\/\/www.ernstbrunn-apotheke.at\/katalog\/wp-json\/wp\/v2\/product_cat?post=116877"},{"taxonomy":"product_tag","embeddable":true,"href":"https:\/\/www.ernstbrunn-apotheke.at\/katalog\/wp-json\/wp\/v2\/product_tag?post=116877"}],"curies":[{"name":"wp","href":"https:\/\/api.w.org\/{rel}","templated":true}]}}