{"id":116874,"date":"2025-11-13T07:55:47","date_gmt":"2025-11-13T06:55:47","guid":{"rendered":"https:\/\/www.ernstbrunn-apotheke.at\/katalog\/produkt\/adler-bachblueten-centaury-tropfen-30-ml\/"},"modified":"2025-12-08T22:58:05","modified_gmt":"2025-12-08T21:58:05","slug":"adler-bachblueten-centaury-tropfen-30-ml","status":"publish","type":"product","link":"https:\/\/www.ernstbrunn-apotheke.at\/katalog\/produkt\/adler-bachblueten-centaury-tropfen-30-ml\/","title":{"rendered":"Adler Bachbl\u00fcten Centaury Tropfen 30 ml"},"content":{"rendered":"<p>Adler Bachbl\u00fcten Centaury Tropfen 30 ml sind Teil der &#8222;Ersten Zw\u00f6lf&#8220; Bachbl\u00fcten und beschreiben, was f\u00fcr ein Typ Mensch Sie sind. Centaury Tropfen eignen sich f\u00fcr \u00fcbertrieben gutm\u00fctige oder unterw\u00fcrfige Menschen, die sich zu sehr ausn\u00fctzen lassen und k\u00f6nnen bei Sch\u00fcchternheit, \u00fcbertriebener Gutm\u00fctigkeit oder Nachgiebigkeit unterst\u00fctzend wirken<\/p>\n","protected":false},"excerpt":{"rendered":"<p>Adler Bachbl\u00fcten Centaury Tropfen 30 ml sind Teil der &#8222;Ersten Zw\u00f6lf&#8220; Bachbl\u00fcten und beschreiben, was f\u00fcr ein Typ Mensch Sie sind. Centaury Tropfen eignen sich f\u00fcr \u00fcbertrieben gutm\u00fctige oder unterw\u00fcrfige Menschen, die sich zu sehr ausn\u00fctzen lassen und k\u00f6nnen bei Sch\u00fcchternheit, \u00fcbertriebener Gutm\u00fctigkeit oder Nachgiebigkeit unterst\u00fctzend wirken<\/p>\n","protected":false},"featured_media":116876,"template":"","meta":{"_acf_changed":false},"product_brand":[],"product_cat":[801],"product_tag":[],"class_list":{"0":"post-116874","1":"product","2":"type-product","3":"status-publish","4":"has-post-thumbnail","6":"product_cat-a","7":"pa_packungsgroesse-30ml","9":"first","10":"instock","11":"shipping-taxable","12":"purchasable","13":"product-type-simple"},"acf":[],"_links":{"self":[{"href":"https:\/\/www.ernstbrunn-apotheke.at\/katalog\/wp-json\/wp\/v2\/product\/116874","targetHints":{"allow":["GET"]}}],"collection":[{"href":"https:\/\/www.ernstbrunn-apotheke.at\/katalog\/wp-json\/wp\/v2\/product"}],"about":[{"href":"https:\/\/www.ernstbrunn-apotheke.at\/katalog\/wp-json\/wp\/v2\/types\/product"}],"wp:featuredmedia":[{"embeddable":true,"href":"https:\/\/www.ernstbrunn-apotheke.at\/katalog\/wp-json\/wp\/v2\/media\/116876"}],"wp:attachment":[{"href":"https:\/\/www.ernstbrunn-apotheke.at\/katalog\/wp-json\/wp\/v2\/media?parent=116874"}],"wp:term":[{"taxonomy":"product_brand","embeddable":true,"href":"https:\/\/www.ernstbrunn-apotheke.at\/katalog\/wp-json\/wp\/v2\/product_brand?post=116874"},{"taxonomy":"product_cat","embeddable":true,"href":"https:\/\/www.ernstbrunn-apotheke.at\/katalog\/wp-json\/wp\/v2\/product_cat?post=116874"},{"taxonomy":"product_tag","embeddable":true,"href":"https:\/\/www.ernstbrunn-apotheke.at\/katalog\/wp-json\/wp\/v2\/product_tag?post=116874"}],"curies":[{"name":"wp","href":"https:\/\/api.w.org\/{rel}","templated":true}]}}