{"id":116864,"date":"2025-11-13T07:55:47","date_gmt":"2025-11-13T06:55:47","guid":{"rendered":"https:\/\/www.ernstbrunn-apotheke.at\/katalog\/produkt\/b12-aktiv-1000-mcg-tabletten-90-stk\/"},"modified":"2025-12-08T22:58:04","modified_gmt":"2025-12-08T21:58:04","slug":"b12-aktiv-1000-mcg-tabletten-90-stk","status":"publish","type":"product","link":"https:\/\/www.ernstbrunn-apotheke.at\/katalog\/produkt\/b12-aktiv-1000-mcg-tabletten-90-stk\/","title":{"rendered":"B12 Aktiv 1000 mcg Tabletten 90 Stk."},"content":{"rendered":"<p>Vitamin B12 1000 mcg Tabletten helfen Veganer oder Vegetarier. Denn jeder von ihnen hat zwangsl\u00e4ufig einen Mangel an Vitamin B12.  Das muss nicht sein. Das Vitamaze Vitamin B12 versorgt Sie mit einer gro\u00dfen Menge des N\u00e4hrstoffs \u2013 und das in bester Bioverf\u00fcgbarkeit und Qualit\u00e4t von Vitamaze. Und das ist auch wichtig: Denn das Vitamin B12 unterst\u00fctzt den K\u00f6rper in einer Reihe von Funktionen, vom Nervensystem bis zur Leistungsf\u00e4higkeit.<\/p>\n","protected":false},"excerpt":{"rendered":"<p>Vitamin B12 1000 mcg Tabletten helfen Veganer oder Vegetarier. Denn jeder von ihnen hat zwangsl\u00e4ufig einen Mangel an Vitamin B12. Das muss nicht sein. Das Vitamaze Vitamin B12 versorgt Sie mit einer gro\u00dfen Menge des N\u00e4hrstoffs \u2013 und das in bester Bioverf\u00fcgbarkeit und Qualit\u00e4t von Vitamaze. Und das ist auch wichtig: Denn das Vitamin B12 [&hellip;]<\/p>\n","protected":false},"featured_media":116866,"template":"","meta":{"_acf_changed":false},"product_brand":[],"product_cat":[802],"product_tag":[],"class_list":{"0":"post-116864","1":"product","2":"type-product","3":"status-publish","4":"has-post-thumbnail","6":"product_cat-b","7":"pa_packungsgroesse-90-stueck","9":"first","10":"instock","11":"shipping-taxable","12":"purchasable","13":"product-type-simple"},"acf":[],"_links":{"self":[{"href":"https:\/\/www.ernstbrunn-apotheke.at\/katalog\/wp-json\/wp\/v2\/product\/116864","targetHints":{"allow":["GET"]}}],"collection":[{"href":"https:\/\/www.ernstbrunn-apotheke.at\/katalog\/wp-json\/wp\/v2\/product"}],"about":[{"href":"https:\/\/www.ernstbrunn-apotheke.at\/katalog\/wp-json\/wp\/v2\/types\/product"}],"wp:featuredmedia":[{"embeddable":true,"href":"https:\/\/www.ernstbrunn-apotheke.at\/katalog\/wp-json\/wp\/v2\/media\/116866"}],"wp:attachment":[{"href":"https:\/\/www.ernstbrunn-apotheke.at\/katalog\/wp-json\/wp\/v2\/media?parent=116864"}],"wp:term":[{"taxonomy":"product_brand","embeddable":true,"href":"https:\/\/www.ernstbrunn-apotheke.at\/katalog\/wp-json\/wp\/v2\/product_brand?post=116864"},{"taxonomy":"product_cat","embeddable":true,"href":"https:\/\/www.ernstbrunn-apotheke.at\/katalog\/wp-json\/wp\/v2\/product_cat?post=116864"},{"taxonomy":"product_tag","embeddable":true,"href":"https:\/\/www.ernstbrunn-apotheke.at\/katalog\/wp-json\/wp\/v2\/product_tag?post=116864"}],"curies":[{"name":"wp","href":"https:\/\/api.w.org\/{rel}","templated":true}]}}