{"id":116829,"date":"2025-11-13T07:55:26","date_gmt":"2025-11-13T06:55:26","guid":{"rendered":"https:\/\/www.ernstbrunn-apotheke.at\/katalog\/produkt\/gall-pharma-a-z-complex-tabletten-90-stk\/"},"modified":"2025-12-08T22:57:57","modified_gmt":"2025-12-08T21:57:57","slug":"gall-pharma-a-z-complex-tabletten-90-stk","status":"publish","type":"product","link":"https:\/\/www.ernstbrunn-apotheke.at\/katalog\/produkt\/gall-pharma-a-z-complex-tabletten-90-stk\/","title":{"rendered":"Gall Pharma A-Z Complex Tabletten 90 Stk."},"content":{"rendered":"<p>A-Z Complex GPH Tabletten ist ein Nahrungserg\u00e4nzungsmittel mit Vitaminen und Mineralstoffen. Die Tabletten enthalten 25 wichtige N\u00e4hrstoffe. erhalten Sie dieses Produkt in Packungen zu 90 und 120 St\u00fcck. Jetzt bestellen und je 1 Tagesportion Orthomol Immun gratis erhalten!<\/p>\n","protected":false},"excerpt":{"rendered":"<p>A-Z Complex GPH Tabletten ist ein Nahrungserg\u00e4nzungsmittel mit Vitaminen und Mineralstoffen. Die Tabletten enthalten 25 wichtige N\u00e4hrstoffe. erhalten Sie dieses Produkt in Packungen zu 90 und 120 St\u00fcck. Jetzt bestellen und je 1 Tagesportion Orthomol Immun gratis erhalten!<\/p>\n","protected":false},"featured_media":116831,"template":"","meta":{"_acf_changed":false},"product_brand":[],"product_cat":[810],"product_tag":[],"class_list":{"0":"post-116829","1":"product","2":"type-product","3":"status-publish","4":"has-post-thumbnail","6":"product_cat-g","7":"pa_packungsgroesse-90-stueck","9":"first","10":"instock","11":"shipping-taxable","12":"purchasable","13":"product-type-simple"},"acf":[],"_links":{"self":[{"href":"https:\/\/www.ernstbrunn-apotheke.at\/katalog\/wp-json\/wp\/v2\/product\/116829","targetHints":{"allow":["GET"]}}],"collection":[{"href":"https:\/\/www.ernstbrunn-apotheke.at\/katalog\/wp-json\/wp\/v2\/product"}],"about":[{"href":"https:\/\/www.ernstbrunn-apotheke.at\/katalog\/wp-json\/wp\/v2\/types\/product"}],"wp:featuredmedia":[{"embeddable":true,"href":"https:\/\/www.ernstbrunn-apotheke.at\/katalog\/wp-json\/wp\/v2\/media\/116831"}],"wp:attachment":[{"href":"https:\/\/www.ernstbrunn-apotheke.at\/katalog\/wp-json\/wp\/v2\/media?parent=116829"}],"wp:term":[{"taxonomy":"product_brand","embeddable":true,"href":"https:\/\/www.ernstbrunn-apotheke.at\/katalog\/wp-json\/wp\/v2\/product_brand?post=116829"},{"taxonomy":"product_cat","embeddable":true,"href":"https:\/\/www.ernstbrunn-apotheke.at\/katalog\/wp-json\/wp\/v2\/product_cat?post=116829"},{"taxonomy":"product_tag","embeddable":true,"href":"https:\/\/www.ernstbrunn-apotheke.at\/katalog\/wp-json\/wp\/v2\/product_tag?post=116829"}],"curies":[{"name":"wp","href":"https:\/\/api.w.org\/{rel}","templated":true}]}}