{"id":116787,"date":"2025-11-13T07:54:39","date_gmt":"2025-11-13T06:54:39","guid":{"rendered":"https:\/\/www.ernstbrunn-apotheke.at\/katalog\/produkt\/weleda-aufbaukalk-2-pulver-45-g\/"},"modified":"2025-12-08T22:57:40","modified_gmt":"2025-12-08T21:57:40","slug":"weleda-aufbaukalk-2-pulver-45-g","status":"publish","type":"product","link":"https:\/\/www.ernstbrunn-apotheke.at\/katalog\/produkt\/weleda-aufbaukalk-2-pulver-45-g\/","title":{"rendered":"Weleda Aufbaukalk 2 Pulver 45 g"},"content":{"rendered":"<p>Weleda Aufbaukalk 2 Pulver hilft dem Organismus bei der Calcium-Verwertung. Aufbaukalk 2 Pulver wird abends eingenommen. F\u00f6rderung der gesunden Knochen- und Zahnbildung. Der menschliche Leib stellt nicht nur eine Ansammlung von Stoffen dar, sondern ist in erster Linie ein Kr\u00e4ftezusammenhang. Die Lebensvorg\u00e4nge, die die Stoffe ordnen und verwandeln, wirken in Form von Auf- und Abbaukr\u00e4ften. Wird dieses Kr\u00e4ftespiel herausgefordert, z.B. beim Aufbau gesunder Knochen und Z\u00e4hne w\u00e4hrend der Schwangerschaft und Stillzeit sowie beim heranwachsenden Kind, ist es notwendig, den Organismus zu unterst\u00fctzen. Das Aufbaukalk 2 Pulver bildet zusammen mit Aufbaukalk 1 Pulver eine Einheit: Aufbaukalk 1 Pulver wird morgens eingenommen. F\u00f6rderung der gesunden Knochen- und Zahnbildung. Aufbaukalk 2 Pulver wird abends eingenommen. F\u00f6rderung der gesunden Knochen- und Zahnbildung. Die speziellen Arzneimittelkompositionen von Aufbaukalk 1 und 2 sind keine \u201eCalcium\u201c-Pr\u00e4parate im herk\u00f6mmlichen Sinne. Sie dienen nicht der Nahrungserg\u00e4nzung, sondern helfen dem Organismus, die mit der Nahrung aufgenommenen Substanzen besser aufzuschlie\u00dfen und zu verarbeiten.<\/p>\n","protected":false},"excerpt":{"rendered":"<p>Weleda Aufbaukalk 2 Pulver hilft dem Organismus bei der Calcium-Verwertung. Aufbaukalk 2 Pulver wird abends eingenommen. F\u00f6rderung der gesunden Knochen- und Zahnbildung. Der menschliche Leib stellt nicht nur eine Ansammlung von Stoffen dar, sondern ist in erster Linie ein Kr\u00e4ftezusammenhang. Die Lebensvorg\u00e4nge, die die Stoffe ordnen und verwandeln, wirken in Form von Auf- und Abbaukr\u00e4ften. [&hellip;]<\/p>\n","protected":false},"featured_media":116789,"template":"","meta":{"_acf_changed":false},"product_brand":[567],"product_cat":[796],"product_tag":[],"class_list":{"0":"post-116787","1":"product","2":"type-product","3":"status-publish","4":"has-post-thumbnail","6":"product_brand-weleda","7":"product_cat-w","8":"pa_packungsgroesse-45g","10":"first","11":"instock","12":"shipping-taxable","13":"purchasable","14":"product-type-simple"},"acf":[],"_links":{"self":[{"href":"https:\/\/www.ernstbrunn-apotheke.at\/katalog\/wp-json\/wp\/v2\/product\/116787","targetHints":{"allow":["GET"]}}],"collection":[{"href":"https:\/\/www.ernstbrunn-apotheke.at\/katalog\/wp-json\/wp\/v2\/product"}],"about":[{"href":"https:\/\/www.ernstbrunn-apotheke.at\/katalog\/wp-json\/wp\/v2\/types\/product"}],"wp:featuredmedia":[{"embeddable":true,"href":"https:\/\/www.ernstbrunn-apotheke.at\/katalog\/wp-json\/wp\/v2\/media\/116789"}],"wp:attachment":[{"href":"https:\/\/www.ernstbrunn-apotheke.at\/katalog\/wp-json\/wp\/v2\/media?parent=116787"}],"wp:term":[{"taxonomy":"product_brand","embeddable":true,"href":"https:\/\/www.ernstbrunn-apotheke.at\/katalog\/wp-json\/wp\/v2\/product_brand?post=116787"},{"taxonomy":"product_cat","embeddable":true,"href":"https:\/\/www.ernstbrunn-apotheke.at\/katalog\/wp-json\/wp\/v2\/product_cat?post=116787"},{"taxonomy":"product_tag","embeddable":true,"href":"https:\/\/www.ernstbrunn-apotheke.at\/katalog\/wp-json\/wp\/v2\/product_tag?post=116787"}],"curies":[{"name":"wp","href":"https:\/\/api.w.org\/{rel}","templated":true}]}}