{"id":116771,"date":"2025-11-13T07:54:27","date_gmt":"2025-11-13T06:54:27","guid":{"rendered":"https:\/\/www.ernstbrunn-apotheke.at\/katalog\/produkt\/attends-waschhandschuhe\/"},"modified":"2025-12-08T22:57:28","modified_gmt":"2025-12-08T21:57:28","slug":"attends-waschhandschuhe","status":"publish","type":"product","link":"https:\/\/www.ernstbrunn-apotheke.at\/katalog\/produkt\/attends-waschhandschuhe\/","title":{"rendered":"Attends Waschhandschuhe"},"content":{"rendered":"<ul>\n<li>Einmalwaschhandschuhe<\/li>\n<li>Weich und griffig.<\/li>\n<li>F\u00fcr das Auftragen von Waschlotion oder Reinigungsschaum.<\/li>\n<li>50 St\u00fcck in der Packung.<\/li>\n<li>Hautschonend und hygienisch.<\/li>\n<li>Bitte im Restm\u00fcll entsorgen.<\/li>\n<\/ul>\n","protected":false},"excerpt":{"rendered":"<p>Einmalwaschhandschuhe Weich und griffig. F\u00fcr das Auftragen von Waschlotion oder Reinigungsschaum. 50 St\u00fcck in der Packung. Hautschonend und hygienisch. Bitte im Restm\u00fcll entsorgen.<\/p>\n","protected":false},"featured_media":116773,"template":"","meta":{"_acf_changed":false},"product_brand":[788],"product_cat":[801],"product_tag":[],"class_list":{"0":"post-116771","1":"product","2":"type-product","3":"status-publish","4":"has-post-thumbnail","6":"product_brand-attends","7":"product_cat-a","8":"pa_packungsgroesse-50-stueck","10":"first","11":"instock","12":"shipping-taxable","13":"purchasable","14":"product-type-simple"},"acf":[],"_links":{"self":[{"href":"https:\/\/www.ernstbrunn-apotheke.at\/katalog\/wp-json\/wp\/v2\/product\/116771","targetHints":{"allow":["GET"]}}],"collection":[{"href":"https:\/\/www.ernstbrunn-apotheke.at\/katalog\/wp-json\/wp\/v2\/product"}],"about":[{"href":"https:\/\/www.ernstbrunn-apotheke.at\/katalog\/wp-json\/wp\/v2\/types\/product"}],"wp:featuredmedia":[{"embeddable":true,"href":"https:\/\/www.ernstbrunn-apotheke.at\/katalog\/wp-json\/wp\/v2\/media\/116773"}],"wp:attachment":[{"href":"https:\/\/www.ernstbrunn-apotheke.at\/katalog\/wp-json\/wp\/v2\/media?parent=116771"}],"wp:term":[{"taxonomy":"product_brand","embeddable":true,"href":"https:\/\/www.ernstbrunn-apotheke.at\/katalog\/wp-json\/wp\/v2\/product_brand?post=116771"},{"taxonomy":"product_cat","embeddable":true,"href":"https:\/\/www.ernstbrunn-apotheke.at\/katalog\/wp-json\/wp\/v2\/product_cat?post=116771"},{"taxonomy":"product_tag","embeddable":true,"href":"https:\/\/www.ernstbrunn-apotheke.at\/katalog\/wp-json\/wp\/v2\/product_tag?post=116771"}],"curies":[{"name":"wp","href":"https:\/\/api.w.org\/{rel}","templated":true}]}}