{"id":11676,"date":"2025-11-07T14:36:26","date_gmt":"2025-11-07T13:36:26","guid":{"rendered":"https:\/\/www.ernstbrunn-apotheke.at\/katalog\/produkt\/dr-boehm-leistungs-elixier-brausegranulat\/"},"modified":"2025-12-08T13:31:48","modified_gmt":"2025-12-08T12:31:48","slug":"dr-boehm-leistungs-elixier-brausegranulat","status":"publish","type":"product","link":"https:\/\/www.ernstbrunn-apotheke.at\/katalog\/produkt\/dr-boehm-leistungs-elixier-brausegranulat\/","title":{"rendered":"Dr. B\u00f6hm Leistungs-Elixier Brausegranulat"},"content":{"rendered":"<p>Mit Dr. B\u00f6hm\u00ae Leistungselixier Brausegranulat holen Sie mehr aus sich heraus: Der erfrischend fruchtige Brause-Drink ohne Zucker unterst\u00fctzt Sie dabei, Ihre k\u00f6rperlichen und geistigen Leistungspotenziale voll auszusch\u00f6pfen. Mit dem optimal abgestimmten Mix aus hochwertigen nat\u00fcrlichen Substanzen k\u00f6nnen Sie Ihre Konzentration f\u00f6rdern und Ihre Leistungsf\u00e4higkeit steigern. Dar\u00fcber hinaus leisten die wertvollen Inhaltsstoffe einen wichtigen Beitrag dazu, Ihren Energiestoffwechsel in Schwung zu bringen.<\/p>\n","protected":false},"excerpt":{"rendered":"<p>Mit Dr. B\u00f6hm\u00ae Leistungselixier Brausegranulat holen Sie mehr aus sich heraus: Der erfrischend fruchtige Brause-Drink ohne Zucker unterst\u00fctzt Sie dabei, Ihre k\u00f6rperlichen und geistigen Leistungspotenziale voll auszusch\u00f6pfen. Mit dem optimal abgestimmten Mix aus hochwertigen nat\u00fcrlichen Substanzen k\u00f6nnen Sie Ihre Konzentration f\u00f6rdern und Ihre Leistungsf\u00e4higkeit steigern. Dar\u00fcber hinaus leisten die wertvollen Inhaltsstoffe einen wichtigen Beitrag dazu, [&hellip;]<\/p>\n","protected":false},"featured_media":11678,"template":"","meta":{"_acf_changed":false},"product_brand":[365],"product_cat":[792],"product_tag":[],"class_list":{"0":"post-11676","1":"product","2":"type-product","3":"status-publish","4":"has-post-thumbnail","6":"product_brand-dr-boehm","7":"product_cat-d","8":"pa_packungsgroesse-14-beutel","9":"pa_packungsgroesse-28-beutel","11":"first","12":"instock","13":"shipping-taxable","14":"purchasable","15":"product-type-simple"},"acf":[],"_links":{"self":[{"href":"https:\/\/www.ernstbrunn-apotheke.at\/katalog\/wp-json\/wp\/v2\/product\/11676","targetHints":{"allow":["GET"]}}],"collection":[{"href":"https:\/\/www.ernstbrunn-apotheke.at\/katalog\/wp-json\/wp\/v2\/product"}],"about":[{"href":"https:\/\/www.ernstbrunn-apotheke.at\/katalog\/wp-json\/wp\/v2\/types\/product"}],"wp:featuredmedia":[{"embeddable":true,"href":"https:\/\/www.ernstbrunn-apotheke.at\/katalog\/wp-json\/wp\/v2\/media\/11678"}],"wp:attachment":[{"href":"https:\/\/www.ernstbrunn-apotheke.at\/katalog\/wp-json\/wp\/v2\/media?parent=11676"}],"wp:term":[{"taxonomy":"product_brand","embeddable":true,"href":"https:\/\/www.ernstbrunn-apotheke.at\/katalog\/wp-json\/wp\/v2\/product_brand?post=11676"},{"taxonomy":"product_cat","embeddable":true,"href":"https:\/\/www.ernstbrunn-apotheke.at\/katalog\/wp-json\/wp\/v2\/product_cat?post=11676"},{"taxonomy":"product_tag","embeddable":true,"href":"https:\/\/www.ernstbrunn-apotheke.at\/katalog\/wp-json\/wp\/v2\/product_tag?post=11676"}],"curies":[{"name":"wp","href":"https:\/\/api.w.org\/{rel}","templated":true}]}}