{"id":116734,"date":"2025-11-13T07:53:13","date_gmt":"2025-11-13T06:53:13","guid":{"rendered":"https:\/\/www.ernstbrunn-apotheke.at\/katalog\/produkt\/astaxanthin-royal-kapseln-60-stk\/"},"modified":"2025-12-08T22:57:15","modified_gmt":"2025-12-08T21:57:15","slug":"astaxanthin-royal-kapseln-60-stk","status":"publish","type":"product","link":"https:\/\/www.ernstbrunn-apotheke.at\/katalog\/produkt\/astaxanthin-royal-kapseln-60-stk\/","title":{"rendered":"Astaxanthin Royal Kapseln 60 Stk."},"content":{"rendered":"<p>Astaxanthin Royal Kapseln 60 Stk. liefern mit 6 mg pro Kapsel hochdosiertes Astaxanthin. Astaxanthin sch\u00fctzt alle K\u00f6rperzellen vor den Angriffen freier Radikale und wirkt entz\u00fcndungshemmend, st\u00e4rkt die Sehkraft, unterst\u00fctzt die Gehirnfunktion, reduziert die Hautalterung, sowie die Bildung von Altersflecken und Sommersprossen durch Sonneneinstrahlung, steigert die Kraft und Ausdauer, hilft bei Unfruchtbarkeit und vieles mehr.<\/p>\n","protected":false},"excerpt":{"rendered":"<p>Astaxanthin Royal Kapseln 60 Stk. liefern mit 6 mg pro Kapsel hochdosiertes Astaxanthin. Astaxanthin sch\u00fctzt alle K\u00f6rperzellen vor den Angriffen freier Radikale und wirkt entz\u00fcndungshemmend, st\u00e4rkt die Sehkraft, unterst\u00fctzt die Gehirnfunktion, reduziert die Hautalterung, sowie die Bildung von Altersflecken und Sommersprossen durch Sonneneinstrahlung, steigert die Kraft und Ausdauer, hilft bei Unfruchtbarkeit und vieles mehr.<\/p>\n","protected":false},"featured_media":116736,"template":"","meta":{"_acf_changed":false},"product_brand":[],"product_cat":[801],"product_tag":[],"class_list":{"0":"post-116734","1":"product","2":"type-product","3":"status-publish","4":"has-post-thumbnail","6":"product_cat-a","7":"pa_packungsgroesse-60-stueck","9":"first","10":"instock","11":"shipping-taxable","12":"purchasable","13":"product-type-simple"},"acf":[],"_links":{"self":[{"href":"https:\/\/www.ernstbrunn-apotheke.at\/katalog\/wp-json\/wp\/v2\/product\/116734","targetHints":{"allow":["GET"]}}],"collection":[{"href":"https:\/\/www.ernstbrunn-apotheke.at\/katalog\/wp-json\/wp\/v2\/product"}],"about":[{"href":"https:\/\/www.ernstbrunn-apotheke.at\/katalog\/wp-json\/wp\/v2\/types\/product"}],"wp:featuredmedia":[{"embeddable":true,"href":"https:\/\/www.ernstbrunn-apotheke.at\/katalog\/wp-json\/wp\/v2\/media\/116736"}],"wp:attachment":[{"href":"https:\/\/www.ernstbrunn-apotheke.at\/katalog\/wp-json\/wp\/v2\/media?parent=116734"}],"wp:term":[{"taxonomy":"product_brand","embeddable":true,"href":"https:\/\/www.ernstbrunn-apotheke.at\/katalog\/wp-json\/wp\/v2\/product_brand?post=116734"},{"taxonomy":"product_cat","embeddable":true,"href":"https:\/\/www.ernstbrunn-apotheke.at\/katalog\/wp-json\/wp\/v2\/product_cat?post=116734"},{"taxonomy":"product_tag","embeddable":true,"href":"https:\/\/www.ernstbrunn-apotheke.at\/katalog\/wp-json\/wp\/v2\/product_tag?post=116734"}],"curies":[{"name":"wp","href":"https:\/\/api.w.org\/{rel}","templated":true}]}}