{"id":116650,"date":"2025-11-13T07:52:00","date_gmt":"2025-11-13T06:52:00","guid":{"rendered":"https:\/\/www.ernstbrunn-apotheke.at\/katalog\/produkt\/arnika-stark-gelenkbalsam-60-ml\/"},"modified":"2025-12-08T22:56:24","modified_gmt":"2025-12-08T21:56:24","slug":"arnika-stark-gelenkbalsam-60-ml","status":"publish","type":"product","link":"https:\/\/www.ernstbrunn-apotheke.at\/katalog\/produkt\/arnika-stark-gelenkbalsam-60-ml\/","title":{"rendered":"Arnika Stark Gelenkbalsam 60 ml"},"content":{"rendered":"<p>Arnika Stark Gelenkbalsam wird aus \u00e4therischen \u00d6lausz\u00fcgen aus Eucalyptus, Lavendelbl\u00fcten und Rosmarinkraut und Lein\u00f6l hergestellt. Weiters werden ein Extrakt aus den Holzteilen des Campherbaumes und das nat\u00fcrliches Wundsekret der L\u00e4rche, das L\u00e4rchenterpentin zugesetzt. Die pflanzlichen Stoffe wirken pflegend, beruhigend und durchw\u00e4rmen die Haut angenehm.<\/p>\n","protected":false},"excerpt":{"rendered":"<p>Arnika Stark Gelenkbalsam wird aus \u00e4therischen \u00d6lausz\u00fcgen aus Eucalyptus, Lavendelbl\u00fcten und Rosmarinkraut und Lein\u00f6l hergestellt. Weiters werden ein Extrakt aus den Holzteilen des Campherbaumes und das nat\u00fcrliches Wundsekret der L\u00e4rche, das L\u00e4rchenterpentin zugesetzt. Die pflanzlichen Stoffe wirken pflegend, beruhigend und durchw\u00e4rmen die Haut angenehm.<\/p>\n","protected":false},"featured_media":116652,"template":"","meta":{"_acf_changed":false},"product_brand":[],"product_cat":[801],"product_tag":[],"class_list":{"0":"post-116650","1":"product","2":"type-product","3":"status-publish","4":"has-post-thumbnail","6":"product_cat-a","7":"pa_packungsgroesse-60ml","9":"first","10":"instock","11":"shipping-taxable","12":"purchasable","13":"product-type-simple"},"acf":[],"_links":{"self":[{"href":"https:\/\/www.ernstbrunn-apotheke.at\/katalog\/wp-json\/wp\/v2\/product\/116650","targetHints":{"allow":["GET"]}}],"collection":[{"href":"https:\/\/www.ernstbrunn-apotheke.at\/katalog\/wp-json\/wp\/v2\/product"}],"about":[{"href":"https:\/\/www.ernstbrunn-apotheke.at\/katalog\/wp-json\/wp\/v2\/types\/product"}],"wp:featuredmedia":[{"embeddable":true,"href":"https:\/\/www.ernstbrunn-apotheke.at\/katalog\/wp-json\/wp\/v2\/media\/116652"}],"wp:attachment":[{"href":"https:\/\/www.ernstbrunn-apotheke.at\/katalog\/wp-json\/wp\/v2\/media?parent=116650"}],"wp:term":[{"taxonomy":"product_brand","embeddable":true,"href":"https:\/\/www.ernstbrunn-apotheke.at\/katalog\/wp-json\/wp\/v2\/product_brand?post=116650"},{"taxonomy":"product_cat","embeddable":true,"href":"https:\/\/www.ernstbrunn-apotheke.at\/katalog\/wp-json\/wp\/v2\/product_cat?post=116650"},{"taxonomy":"product_tag","embeddable":true,"href":"https:\/\/www.ernstbrunn-apotheke.at\/katalog\/wp-json\/wp\/v2\/product_tag?post=116650"}],"curies":[{"name":"wp","href":"https:\/\/api.w.org\/{rel}","templated":true}]}}