{"id":116644,"date":"2025-11-13T07:51:52","date_gmt":"2025-11-13T06:51:52","guid":{"rendered":"https:\/\/www.ernstbrunn-apotheke.at\/katalog\/produkt\/wala-arnica-plumbum-mellitum-ampullen-10-stk-ampullen\/"},"modified":"2025-12-08T22:56:20","modified_gmt":"2025-12-08T21:56:20","slug":"wala-arnica-plumbum-mellitum-ampullen-10-stk-ampullen","status":"publish","type":"product","link":"https:\/\/www.ernstbrunn-apotheke.at\/katalog\/produkt\/wala-arnica-plumbum-mellitum-ampullen-10-stk-ampullen\/","title":{"rendered":"Wala Arnica Plumbum Mellitum Ampullen 10 Stk. Ampullen"},"content":{"rendered":"<p>Arnica Plumbum Mellitum Wala Ampullen dienen der Wiedereingliederung der Ich- und Empfindungsorganisation in das Blutgef\u00e4\u00dfsystem bei gesteigerten Ablagerungs- und Verh\u00e4rtungstendenzen. So wird das Produkt bei allgemeiner Gef\u00e4\u00dfsklerose sowie cerebralen Durchblutungsst\u00f6rungen eingesetzt.<\/p>\n","protected":false},"excerpt":{"rendered":"<p>Arnica Plumbum Mellitum Wala Ampullen dienen der Wiedereingliederung der Ich- und Empfindungsorganisation in das Blutgef\u00e4\u00dfsystem bei gesteigerten Ablagerungs- und Verh\u00e4rtungstendenzen. So wird das Produkt bei allgemeiner Gef\u00e4\u00dfsklerose sowie cerebralen Durchblutungsst\u00f6rungen eingesetzt.<\/p>\n","protected":false},"featured_media":0,"template":"","meta":{"_acf_changed":false},"product_brand":[866],"product_cat":[796],"product_tag":[],"class_list":{"0":"post-116644","1":"product","2":"type-product","3":"status-publish","5":"product_brand-wala","6":"product_cat-w","7":"pa_packungsgroesse-10-stueck","9":"first","10":"instock","11":"shipping-taxable","12":"purchasable","13":"product-type-simple"},"acf":[],"_links":{"self":[{"href":"https:\/\/www.ernstbrunn-apotheke.at\/katalog\/wp-json\/wp\/v2\/product\/116644","targetHints":{"allow":["GET"]}}],"collection":[{"href":"https:\/\/www.ernstbrunn-apotheke.at\/katalog\/wp-json\/wp\/v2\/product"}],"about":[{"href":"https:\/\/www.ernstbrunn-apotheke.at\/katalog\/wp-json\/wp\/v2\/types\/product"}],"wp:attachment":[{"href":"https:\/\/www.ernstbrunn-apotheke.at\/katalog\/wp-json\/wp\/v2\/media?parent=116644"}],"wp:term":[{"taxonomy":"product_brand","embeddable":true,"href":"https:\/\/www.ernstbrunn-apotheke.at\/katalog\/wp-json\/wp\/v2\/product_brand?post=116644"},{"taxonomy":"product_cat","embeddable":true,"href":"https:\/\/www.ernstbrunn-apotheke.at\/katalog\/wp-json\/wp\/v2\/product_cat?post=116644"},{"taxonomy":"product_tag","embeddable":true,"href":"https:\/\/www.ernstbrunn-apotheke.at\/katalog\/wp-json\/wp\/v2\/product_tag?post=116644"}],"curies":[{"name":"wp","href":"https:\/\/api.w.org\/{rel}","templated":true}]}}