{"id":116628,"date":"2025-11-13T07:51:46","date_gmt":"2025-11-13T06:51:46","guid":{"rendered":"https:\/\/www.ernstbrunn-apotheke.at\/katalog\/produkt\/wala-arnica-planta-tota-20-g\/"},"modified":"2025-12-08T22:56:08","modified_gmt":"2025-12-08T21:56:08","slug":"wala-arnica-planta-tota-20-g","status":"publish","type":"product","link":"https:\/\/www.ernstbrunn-apotheke.at\/katalog\/produkt\/wala-arnica-planta-tota-20-g\/","title":{"rendered":"Wala Arnica Planta Tota 20 g"},"content":{"rendered":"<p>Arnica Planta Tota Wala leistet Erste Hilfe bei stumpfen Verletzungen und stillt den Schmerz. Das Produkt wirkt abschwellend und schmerzstillend, f\u00f6rdert die R\u00fcckbildung von Bluterg\u00fcssen und unterst\u00fctzt zudem die Heilung von innen heraus. Hilft auch bei Muskelkater.<\/p>\n","protected":false},"excerpt":{"rendered":"<p>Arnica Planta Tota Wala leistet Erste Hilfe bei stumpfen Verletzungen und stillt den Schmerz. Das Produkt wirkt abschwellend und schmerzstillend, f\u00f6rdert die R\u00fcckbildung von Bluterg\u00fcssen und unterst\u00fctzt zudem die Heilung von innen heraus. Hilft auch bei Muskelkater.<\/p>\n","protected":false},"featured_media":0,"template":"","meta":{"_acf_changed":false},"product_brand":[],"product_cat":[796],"product_tag":[],"class_list":{"0":"post-116628","1":"product","2":"type-product","3":"status-publish","5":"product_cat-w","6":"pa_packungsgroesse-20g","8":"first","9":"instock","10":"shipping-taxable","11":"purchasable","12":"product-type-simple"},"acf":[],"_links":{"self":[{"href":"https:\/\/www.ernstbrunn-apotheke.at\/katalog\/wp-json\/wp\/v2\/product\/116628","targetHints":{"allow":["GET"]}}],"collection":[{"href":"https:\/\/www.ernstbrunn-apotheke.at\/katalog\/wp-json\/wp\/v2\/product"}],"about":[{"href":"https:\/\/www.ernstbrunn-apotheke.at\/katalog\/wp-json\/wp\/v2\/types\/product"}],"wp:attachment":[{"href":"https:\/\/www.ernstbrunn-apotheke.at\/katalog\/wp-json\/wp\/v2\/media?parent=116628"}],"wp:term":[{"taxonomy":"product_brand","embeddable":true,"href":"https:\/\/www.ernstbrunn-apotheke.at\/katalog\/wp-json\/wp\/v2\/product_brand?post=116628"},{"taxonomy":"product_cat","embeddable":true,"href":"https:\/\/www.ernstbrunn-apotheke.at\/katalog\/wp-json\/wp\/v2\/product_cat?post=116628"},{"taxonomy":"product_tag","embeddable":true,"href":"https:\/\/www.ernstbrunn-apotheke.at\/katalog\/wp-json\/wp\/v2\/product_tag?post=116628"}],"curies":[{"name":"wp","href":"https:\/\/api.w.org\/{rel}","templated":true}]}}