{"id":11648,"date":"2025-11-07T14:36:26","date_gmt":"2025-11-07T13:36:26","guid":{"rendered":"https:\/\/www.ernstbrunn-apotheke.at\/katalog\/produkt\/acutil-kapseln-30-stk\/"},"modified":"2025-12-08T13:31:46","modified_gmt":"2025-12-08T12:31:46","slug":"acutil-kapseln-30-stk","status":"publish","type":"product","link":"https:\/\/www.ernstbrunn-apotheke.at\/katalog\/produkt\/acutil-kapseln-30-stk\/","title":{"rendered":"Acutil Kapseln 30 Stk."},"content":{"rendered":"<p>Acutil Kapseln versorgen den K\u00f6rper mit Omega 3 Fetts\u00e4uren, Vitamin B12, Vitamin E, Fols\u00e4ure und einem Extrakt aus den Bl\u00e4ttern des Ginkgo Biloba. Sie wirken positiv auf Gehirnfunktionen wie die Konzentrations- und Ged\u00e4chtnisf\u00e4higkeit.<\/p>\n","protected":false},"excerpt":{"rendered":"<p>Acutil Kapseln versorgen den K\u00f6rper mit Omega 3 Fetts\u00e4uren, Vitamin B12, Vitamin E, Fols\u00e4ure und einem Extrakt aus den Bl\u00e4ttern des Ginkgo Biloba. Sie wirken positiv auf Gehirnfunktionen wie die Konzentrations- und Ged\u00e4chtnisf\u00e4higkeit.<\/p>\n","protected":false},"featured_media":11650,"template":"","meta":{"_acf_changed":false},"product_brand":[],"product_cat":[801],"product_tag":[],"class_list":{"0":"post-11648","1":"product","2":"type-product","3":"status-publish","4":"has-post-thumbnail","6":"product_cat-a","7":"pa_packungsgroesse-30-stueck","8":"pa_packungsgroesse-60-stueck","10":"first","11":"instock","12":"shipping-taxable","13":"purchasable","14":"product-type-simple"},"acf":[],"_links":{"self":[{"href":"https:\/\/www.ernstbrunn-apotheke.at\/katalog\/wp-json\/wp\/v2\/product\/11648","targetHints":{"allow":["GET"]}}],"collection":[{"href":"https:\/\/www.ernstbrunn-apotheke.at\/katalog\/wp-json\/wp\/v2\/product"}],"about":[{"href":"https:\/\/www.ernstbrunn-apotheke.at\/katalog\/wp-json\/wp\/v2\/types\/product"}],"wp:featuredmedia":[{"embeddable":true,"href":"https:\/\/www.ernstbrunn-apotheke.at\/katalog\/wp-json\/wp\/v2\/media\/11650"}],"wp:attachment":[{"href":"https:\/\/www.ernstbrunn-apotheke.at\/katalog\/wp-json\/wp\/v2\/media?parent=11648"}],"wp:term":[{"taxonomy":"product_brand","embeddable":true,"href":"https:\/\/www.ernstbrunn-apotheke.at\/katalog\/wp-json\/wp\/v2\/product_brand?post=11648"},{"taxonomy":"product_cat","embeddable":true,"href":"https:\/\/www.ernstbrunn-apotheke.at\/katalog\/wp-json\/wp\/v2\/product_cat?post=11648"},{"taxonomy":"product_tag","embeddable":true,"href":"https:\/\/www.ernstbrunn-apotheke.at\/katalog\/wp-json\/wp\/v2\/product_tag?post=11648"}],"curies":[{"name":"wp","href":"https:\/\/api.w.org\/{rel}","templated":true}]}}