{"id":116443,"date":"2025-11-13T07:48:06","date_gmt":"2025-11-13T06:48:06","guid":{"rendered":"https:\/\/www.ernstbrunn-apotheke.at\/katalog\/produkt\/weleda-apatit-20-g-d-6-trituration\/"},"modified":"2025-12-08T22:54:31","modified_gmt":"2025-12-08T21:54:31","slug":"weleda-apatit-20-g-d-6-trituration","status":"publish","type":"product","link":"https:\/\/www.ernstbrunn-apotheke.at\/katalog\/produkt\/weleda-apatit-20-g-d-6-trituration\/","title":{"rendered":"Weleda Apatit 20 g D 6 Trituration"},"content":{"rendered":"<p>Weleda Apatit dient gem\u00e4\u00df der anthroposophischen Menschen- und Naturerkenntnis der Anregung des Kalkstoffwechsels bei Knochenmineralisationsst\u00f6rungen. Lassen Sie die Verreibung im Mund zergehen oder nehmen Sie sie mit etwas Fl\u00fcssigkeit ein.<\/p>\n","protected":false},"excerpt":{"rendered":"<p>Weleda Apatit dient gem\u00e4\u00df der anthroposophischen Menschen- und Naturerkenntnis der Anregung des Kalkstoffwechsels bei Knochenmineralisationsst\u00f6rungen. Lassen Sie die Verreibung im Mund zergehen oder nehmen Sie sie mit etwas Fl\u00fcssigkeit ein.<\/p>\n","protected":false},"featured_media":0,"template":"","meta":{"_acf_changed":false},"product_brand":[567],"product_cat":[796],"product_tag":[],"class_list":{"0":"post-116443","1":"product","2":"type-product","3":"status-publish","5":"product_brand-weleda","6":"product_cat-w","7":"pa_packungsgroesse-20g","9":"first","10":"instock","11":"shipping-taxable","12":"purchasable","13":"product-type-simple"},"acf":[],"_links":{"self":[{"href":"https:\/\/www.ernstbrunn-apotheke.at\/katalog\/wp-json\/wp\/v2\/product\/116443","targetHints":{"allow":["GET"]}}],"collection":[{"href":"https:\/\/www.ernstbrunn-apotheke.at\/katalog\/wp-json\/wp\/v2\/product"}],"about":[{"href":"https:\/\/www.ernstbrunn-apotheke.at\/katalog\/wp-json\/wp\/v2\/types\/product"}],"wp:attachment":[{"href":"https:\/\/www.ernstbrunn-apotheke.at\/katalog\/wp-json\/wp\/v2\/media?parent=116443"}],"wp:term":[{"taxonomy":"product_brand","embeddable":true,"href":"https:\/\/www.ernstbrunn-apotheke.at\/katalog\/wp-json\/wp\/v2\/product_brand?post=116443"},{"taxonomy":"product_cat","embeddable":true,"href":"https:\/\/www.ernstbrunn-apotheke.at\/katalog\/wp-json\/wp\/v2\/product_cat?post=116443"},{"taxonomy":"product_tag","embeddable":true,"href":"https:\/\/www.ernstbrunn-apotheke.at\/katalog\/wp-json\/wp\/v2\/product_tag?post=116443"}],"curies":[{"name":"wp","href":"https:\/\/api.w.org\/{rel}","templated":true}]}}