{"id":116382,"date":"2025-11-13T07:46:11","date_gmt":"2025-11-13T06:46:11","guid":{"rendered":"https:\/\/www.ernstbrunn-apotheke.at\/katalog\/produkt\/amo-totalcare-aufbewahrungsloesung\/"},"modified":"2025-12-08T22:54:02","modified_gmt":"2025-12-08T21:54:02","slug":"amo-totalcare-aufbewahrungsloesung","status":"publish","type":"product","link":"https:\/\/www.ernstbrunn-apotheke.at\/katalog\/produkt\/amo-totalcare-aufbewahrungsloesung\/","title":{"rendered":"Amo Totalcare Aufbewahrungsl\u00f6sung"},"content":{"rendered":"<p>Amo Totalcare Aufbewahrungsl\u00f6sung bietet sichere Aufbewahrung speziell f\u00fcr Ihre harten Kontaktlinsen. Total Care ist eine desinfizierende Aufbewahrungs- und Benetzungsl\u00f6sung f\u00fcr alle harten und formstabilen Kontaktlinsen. Die L\u00f6sung eignet sich zum Desinfizieren, Absp\u00fclen, Aufbewahren und Benetzen Ihrer formstabilen Kontaktlinsen.<\/p>\n","protected":false},"excerpt":{"rendered":"<p>Amo Totalcare Aufbewahrungsl\u00f6sung bietet sichere Aufbewahrung speziell f\u00fcr Ihre harten Kontaktlinsen. Total Care ist eine desinfizierende Aufbewahrungs- und Benetzungsl\u00f6sung f\u00fcr alle harten und formstabilen Kontaktlinsen. Die L\u00f6sung eignet sich zum Desinfizieren, Absp\u00fclen, Aufbewahren und Benetzen Ihrer formstabilen Kontaktlinsen.<\/p>\n","protected":false},"featured_media":116384,"template":"","meta":{"_acf_changed":false},"product_brand":[],"product_cat":[801],"product_tag":[],"class_list":{"0":"post-116382","1":"product","2":"type-product","3":"status-publish","4":"has-post-thumbnail","6":"product_cat-a","7":"pa_packungsgroesse-120ml","9":"first","10":"instock","11":"shipping-taxable","12":"purchasable","13":"product-type-simple"},"acf":[],"_links":{"self":[{"href":"https:\/\/www.ernstbrunn-apotheke.at\/katalog\/wp-json\/wp\/v2\/product\/116382","targetHints":{"allow":["GET"]}}],"collection":[{"href":"https:\/\/www.ernstbrunn-apotheke.at\/katalog\/wp-json\/wp\/v2\/product"}],"about":[{"href":"https:\/\/www.ernstbrunn-apotheke.at\/katalog\/wp-json\/wp\/v2\/types\/product"}],"wp:featuredmedia":[{"embeddable":true,"href":"https:\/\/www.ernstbrunn-apotheke.at\/katalog\/wp-json\/wp\/v2\/media\/116384"}],"wp:attachment":[{"href":"https:\/\/www.ernstbrunn-apotheke.at\/katalog\/wp-json\/wp\/v2\/media?parent=116382"}],"wp:term":[{"taxonomy":"product_brand","embeddable":true,"href":"https:\/\/www.ernstbrunn-apotheke.at\/katalog\/wp-json\/wp\/v2\/product_brand?post=116382"},{"taxonomy":"product_cat","embeddable":true,"href":"https:\/\/www.ernstbrunn-apotheke.at\/katalog\/wp-json\/wp\/v2\/product_cat?post=116382"},{"taxonomy":"product_tag","embeddable":true,"href":"https:\/\/www.ernstbrunn-apotheke.at\/katalog\/wp-json\/wp\/v2\/product_tag?post=116382"}],"curies":[{"name":"wp","href":"https:\/\/api.w.org\/{rel}","templated":true}]}}