{"id":116378,"date":"2025-11-13T07:46:11","date_gmt":"2025-11-13T06:46:11","guid":{"rendered":"https:\/\/www.ernstbrunn-apotheke.at\/katalog\/produkt\/amo-lens-plus-ocupure-360-ml\/"},"modified":"2025-12-08T22:53:58","modified_gmt":"2025-12-08T21:53:58","slug":"amo-lens-plus-ocupure-360-ml","status":"publish","type":"product","link":"https:\/\/www.ernstbrunn-apotheke.at\/katalog\/produkt\/amo-lens-plus-ocupure-360-ml\/","title":{"rendered":"Amo Lens Plus Ocupure 360 ml"},"content":{"rendered":"<p>Amo Lens Plus Ocupure ist eine innovative Absp\u00fcll\u00f6sung f\u00fcr alle Kontaktlinsen. Die hochwertige Lens Plus OcuPure Kochsalzl\u00f6sung eignet sich zum Absp\u00fclen, Benetzen und kurzfristigen Aufbewahren Ihrer Kontaktlinsen. Diese L\u00f6sung erhalten Sie in den Packungsgr\u00f6\u00dfen 240 ml und 360 ml.<\/p>\n","protected":false},"excerpt":{"rendered":"<p>Amo Lens Plus Ocupure ist eine innovative Absp\u00fcll\u00f6sung f\u00fcr alle Kontaktlinsen. Die hochwertige Lens Plus OcuPure Kochsalzl\u00f6sung eignet sich zum Absp\u00fclen, Benetzen und kurzfristigen Aufbewahren Ihrer Kontaktlinsen. Diese L\u00f6sung erhalten Sie in den Packungsgr\u00f6\u00dfen 240 ml und 360 ml.<\/p>\n","protected":false},"featured_media":0,"template":"","meta":{"_acf_changed":false},"product_brand":[],"product_cat":[801],"product_tag":[],"class_list":{"0":"post-116378","1":"product","2":"type-product","3":"status-publish","5":"product_cat-a","6":"pa_packungsgroesse-360ml","8":"first","9":"instock","10":"shipping-taxable","11":"purchasable","12":"product-type-simple"},"acf":[],"_links":{"self":[{"href":"https:\/\/www.ernstbrunn-apotheke.at\/katalog\/wp-json\/wp\/v2\/product\/116378","targetHints":{"allow":["GET"]}}],"collection":[{"href":"https:\/\/www.ernstbrunn-apotheke.at\/katalog\/wp-json\/wp\/v2\/product"}],"about":[{"href":"https:\/\/www.ernstbrunn-apotheke.at\/katalog\/wp-json\/wp\/v2\/types\/product"}],"wp:attachment":[{"href":"https:\/\/www.ernstbrunn-apotheke.at\/katalog\/wp-json\/wp\/v2\/media?parent=116378"}],"wp:term":[{"taxonomy":"product_brand","embeddable":true,"href":"https:\/\/www.ernstbrunn-apotheke.at\/katalog\/wp-json\/wp\/v2\/product_brand?post=116378"},{"taxonomy":"product_cat","embeddable":true,"href":"https:\/\/www.ernstbrunn-apotheke.at\/katalog\/wp-json\/wp\/v2\/product_cat?post=116378"},{"taxonomy":"product_tag","embeddable":true,"href":"https:\/\/www.ernstbrunn-apotheke.at\/katalog\/wp-json\/wp\/v2\/product_tag?post=116378"}],"curies":[{"name":"wp","href":"https:\/\/api.w.org\/{rel}","templated":true}]}}