{"id":116368,"date":"2025-11-13T07:46:11","date_gmt":"2025-11-13T06:46:11","guid":{"rendered":"https:\/\/www.ernstbrunn-apotheke.at\/katalog\/produkt\/amo-lens-plus-ocupure-240-ml\/"},"modified":"2025-12-08T22:53:57","modified_gmt":"2025-12-08T21:53:57","slug":"amo-lens-plus-ocupure-240-ml","status":"publish","type":"product","link":"https:\/\/www.ernstbrunn-apotheke.at\/katalog\/produkt\/amo-lens-plus-ocupure-240-ml\/","title":{"rendered":"Amo Lens Plus Ocupure 240 ml"},"content":{"rendered":"<p>Amo Lens Plus Ocupure ist eine innovative Absp\u00fcll\u00f6sung f\u00fcr alle Kontaktlinsen. Die hochwertige Lens Plus OcuPure Kochsalzl\u00f6sung eignet sich zum Absp\u00fclen, Benetzen und kurzfristigen Aufbewahren Ihrer Kontaktlinsen.<\/p>\n","protected":false},"excerpt":{"rendered":"<p>Amo Lens Plus Ocupure ist eine innovative Absp\u00fcll\u00f6sung f\u00fcr alle Kontaktlinsen. Die hochwertige Lens Plus OcuPure Kochsalzl\u00f6sung eignet sich zum Absp\u00fclen, Benetzen und kurzfristigen Aufbewahren Ihrer Kontaktlinsen.<\/p>\n","protected":false},"featured_media":116370,"template":"","meta":{"_acf_changed":false},"product_brand":[],"product_cat":[801],"product_tag":[],"class_list":{"0":"post-116368","1":"product","2":"type-product","3":"status-publish","4":"has-post-thumbnail","6":"product_cat-a","7":"pa_packungsgroesse-240ml","9":"first","10":"instock","11":"shipping-taxable","12":"purchasable","13":"product-type-simple"},"acf":[],"_links":{"self":[{"href":"https:\/\/www.ernstbrunn-apotheke.at\/katalog\/wp-json\/wp\/v2\/product\/116368","targetHints":{"allow":["GET"]}}],"collection":[{"href":"https:\/\/www.ernstbrunn-apotheke.at\/katalog\/wp-json\/wp\/v2\/product"}],"about":[{"href":"https:\/\/www.ernstbrunn-apotheke.at\/katalog\/wp-json\/wp\/v2\/types\/product"}],"wp:featuredmedia":[{"embeddable":true,"href":"https:\/\/www.ernstbrunn-apotheke.at\/katalog\/wp-json\/wp\/v2\/media\/116370"}],"wp:attachment":[{"href":"https:\/\/www.ernstbrunn-apotheke.at\/katalog\/wp-json\/wp\/v2\/media?parent=116368"}],"wp:term":[{"taxonomy":"product_brand","embeddable":true,"href":"https:\/\/www.ernstbrunn-apotheke.at\/katalog\/wp-json\/wp\/v2\/product_brand?post=116368"},{"taxonomy":"product_cat","embeddable":true,"href":"https:\/\/www.ernstbrunn-apotheke.at\/katalog\/wp-json\/wp\/v2\/product_cat?post=116368"},{"taxonomy":"product_tag","embeddable":true,"href":"https:\/\/www.ernstbrunn-apotheke.at\/katalog\/wp-json\/wp\/v2\/product_tag?post=116368"}],"curies":[{"name":"wp","href":"https:\/\/api.w.org\/{rel}","templated":true}]}}