{"id":11634,"date":"2025-11-07T14:35:49","date_gmt":"2025-11-07T13:35:49","guid":{"rendered":"https:\/\/www.ernstbrunn-apotheke.at\/katalog\/produkt\/supradyn-vital-50-brausetabletten-30-stk\/"},"modified":"2025-12-08T13:31:45","modified_gmt":"2025-12-08T12:31:45","slug":"supradyn-vital-50-brausetabletten-30-stk","status":"publish","type":"product","link":"https:\/\/www.ernstbrunn-apotheke.at\/katalog\/produkt\/supradyn-vital-50-brausetabletten-30-stk\/","title":{"rendered":"Supradyn vital 50+ Brausetabletten 30 Stk."},"content":{"rendered":"<p>Supradyn vital 50+ Brausetabletten bestehend aus der Kombination ma\u00dfgeschneiderter Vitamine sowie hochwertiger Extrakte aus der Olive und Ginseng unterst\u00fctzt k\u00f6rperliche und geistige Vitalit\u00e4t im Alter. Die Antioxidantien aus der Olive tragen dazu bei, die Blutfette vor oxidativem Stress zu sch\u00fctzen. Die in Supradyn vital 50+ enthaltenen Vitamine, Mineralstoffe und Spurenelemente sind wichtig f\u00fcr Energie, Immunsystem und einen gesunden Stoffwechsel. .<\/p>\n","protected":false},"excerpt":{"rendered":"<p>Supradyn vital 50+ Brausetabletten bestehend aus der Kombination ma\u00dfgeschneiderter Vitamine sowie hochwertiger Extrakte aus der Olive und Ginseng unterst\u00fctzt k\u00f6rperliche und geistige Vitalit\u00e4t im Alter. Die Antioxidantien aus der Olive tragen dazu bei, die Blutfette vor oxidativem Stress zu sch\u00fctzen. Die in Supradyn vital 50+ enthaltenen Vitamine, Mineralstoffe und Spurenelemente sind wichtig f\u00fcr Energie, Immunsystem [&hellip;]<\/p>\n","protected":false},"featured_media":11636,"template":"","meta":{"_acf_changed":false},"product_brand":[460],"product_cat":[791],"product_tag":[],"class_list":{"0":"post-11634","1":"product","2":"type-product","3":"status-publish","4":"has-post-thumbnail","6":"product_brand-supradyn","7":"product_cat-s","8":"pa_packungsgroesse-30-stueck","10":"first","11":"instock","12":"shipping-taxable","13":"purchasable","14":"product-type-simple"},"acf":[],"_links":{"self":[{"href":"https:\/\/www.ernstbrunn-apotheke.at\/katalog\/wp-json\/wp\/v2\/product\/11634","targetHints":{"allow":["GET"]}}],"collection":[{"href":"https:\/\/www.ernstbrunn-apotheke.at\/katalog\/wp-json\/wp\/v2\/product"}],"about":[{"href":"https:\/\/www.ernstbrunn-apotheke.at\/katalog\/wp-json\/wp\/v2\/types\/product"}],"wp:featuredmedia":[{"embeddable":true,"href":"https:\/\/www.ernstbrunn-apotheke.at\/katalog\/wp-json\/wp\/v2\/media\/11636"}],"wp:attachment":[{"href":"https:\/\/www.ernstbrunn-apotheke.at\/katalog\/wp-json\/wp\/v2\/media?parent=11634"}],"wp:term":[{"taxonomy":"product_brand","embeddable":true,"href":"https:\/\/www.ernstbrunn-apotheke.at\/katalog\/wp-json\/wp\/v2\/product_brand?post=11634"},{"taxonomy":"product_cat","embeddable":true,"href":"https:\/\/www.ernstbrunn-apotheke.at\/katalog\/wp-json\/wp\/v2\/product_cat?post=11634"},{"taxonomy":"product_tag","embeddable":true,"href":"https:\/\/www.ernstbrunn-apotheke.at\/katalog\/wp-json\/wp\/v2\/product_tag?post=11634"}],"curies":[{"name":"wp","href":"https:\/\/api.w.org\/{rel}","templated":true}]}}