{"id":116284,"date":"2025-11-13T07:44:13","date_gmt":"2025-11-13T06:44:13","guid":{"rendered":"https:\/\/www.ernstbrunn-apotheke.at\/katalog\/produkt\/almavin-orangenoelreiniger-500-ml\/"},"modified":"2025-12-08T22:53:09","modified_gmt":"2025-12-08T21:53:09","slug":"almavin-orangenoelreiniger-500-ml","status":"publish","type":"product","link":"https:\/\/www.ernstbrunn-apotheke.at\/katalog\/produkt\/almavin-orangenoelreiniger-500-ml\/","title":{"rendered":"Almavin Orangen\u00f6lreiniger 500 ml"},"content":{"rendered":"<p>Bei der Verarbeitung von Zitrusfr\u00fcchten wird nur das Fruchtfleisch genutzt, die Schalen werden meist ungebraucht entsorgt &#8211; dabei l\u00e4sst sich gerade aus ihnen viel N\u00fctzliches herstellen. Zum Beispiel der AlmaWin Orangen\u00f6l Reiniger! In den Schalen ist Orangenterpene enthalten, ein rein nat\u00fcrliches L\u00f6semittel, das pur oder verd\u00fcnnt angewendet werden kann. Der Orangen\u00f6l Reiniger l\u00f6st beispielsweise Klebereste, Wachs oder Kaugummi und aller Art hartn\u00e4ckige Flecken im Haushalt. Das Konzentrat ist extrem sparsam im Verbrauch und verbreitet einen herrlich frischen Orangenduft. Der AlmaWin Orangen\u00f6l Reiniger ist vegan, durch Ecogarantie \u00f6kozertifiziert und wurde erfolgreich dermatologisch getestet. Die Flasche besteht zu 100 % aus Recycling-PET. .<\/p>\n","protected":false},"excerpt":{"rendered":"<p>Bei der Verarbeitung von Zitrusfr\u00fcchten wird nur das Fruchtfleisch genutzt, die Schalen werden meist ungebraucht entsorgt &#8211; dabei l\u00e4sst sich gerade aus ihnen viel N\u00fctzliches herstellen. Zum Beispiel der AlmaWin Orangen\u00f6l Reiniger! In den Schalen ist Orangenterpene enthalten, ein rein nat\u00fcrliches L\u00f6semittel, das pur oder verd\u00fcnnt angewendet werden kann. Der Orangen\u00f6l Reiniger l\u00f6st beispielsweise Klebereste, [&hellip;]<\/p>\n","protected":false},"featured_media":0,"template":"","meta":{"_acf_changed":false},"product_brand":[],"product_cat":[801],"product_tag":[],"class_list":{"0":"post-116284","1":"product","2":"type-product","3":"status-publish","5":"product_cat-a","6":"pa_packungsgroesse-500ml","8":"first","9":"instock","10":"shipping-taxable","11":"purchasable","12":"product-type-simple"},"acf":[],"_links":{"self":[{"href":"https:\/\/www.ernstbrunn-apotheke.at\/katalog\/wp-json\/wp\/v2\/product\/116284","targetHints":{"allow":["GET"]}}],"collection":[{"href":"https:\/\/www.ernstbrunn-apotheke.at\/katalog\/wp-json\/wp\/v2\/product"}],"about":[{"href":"https:\/\/www.ernstbrunn-apotheke.at\/katalog\/wp-json\/wp\/v2\/types\/product"}],"wp:attachment":[{"href":"https:\/\/www.ernstbrunn-apotheke.at\/katalog\/wp-json\/wp\/v2\/media?parent=116284"}],"wp:term":[{"taxonomy":"product_brand","embeddable":true,"href":"https:\/\/www.ernstbrunn-apotheke.at\/katalog\/wp-json\/wp\/v2\/product_brand?post=116284"},{"taxonomy":"product_cat","embeddable":true,"href":"https:\/\/www.ernstbrunn-apotheke.at\/katalog\/wp-json\/wp\/v2\/product_cat?post=116284"},{"taxonomy":"product_tag","embeddable":true,"href":"https:\/\/www.ernstbrunn-apotheke.at\/katalog\/wp-json\/wp\/v2\/product_tag?post=116284"}],"curies":[{"name":"wp","href":"https:\/\/api.w.org\/{rel}","templated":true}]}}