{"id":115914,"date":"2025-11-13T07:36:30","date_gmt":"2025-11-13T06:36:30","guid":{"rendered":"https:\/\/www.ernstbrunn-apotheke.at\/katalog\/produkt\/apo-stom-spag-peka-tropfen-50-ml\/"},"modified":"2025-12-08T22:50:14","modified_gmt":"2025-12-08T21:50:14","slug":"apo-stom-spag-peka-tropfen-50-ml","status":"publish","type":"product","link":"https:\/\/www.ernstbrunn-apotheke.at\/katalog\/produkt\/apo-stom-spag-peka-tropfen-50-ml\/","title":{"rendered":"apo-STOM spag. Peka Tropfen 50 ml"},"content":{"rendered":"<p>apo-STOM spagyrische Peka Tropfen werden zur unterst\u00fctzenden Behandlung von S\u00e4urebeschwerden des Magens, Magen-Darmkatarrh mit Erbrechen und \u00dcbelkeit, Verdauungsschw\u00e4chen eingesetzt..<\/p>\n","protected":false},"excerpt":{"rendered":"<p>apo-STOM spagyrische Peka Tropfen werden zur unterst\u00fctzenden Behandlung von S\u00e4urebeschwerden des Magens, Magen-Darmkatarrh mit Erbrechen und \u00dcbelkeit, Verdauungsschw\u00e4chen eingesetzt..<\/p>\n","protected":false},"featured_media":115916,"template":"","meta":{"_acf_changed":false},"product_brand":[],"product_cat":[801],"product_tag":[],"class_list":{"0":"post-115914","1":"product","2":"type-product","3":"status-publish","4":"has-post-thumbnail","6":"product_cat-a","7":"pa_packungsgroesse-50ml","9":"first","10":"instock","11":"shipping-taxable","12":"purchasable","13":"product-type-simple"},"acf":[],"_links":{"self":[{"href":"https:\/\/www.ernstbrunn-apotheke.at\/katalog\/wp-json\/wp\/v2\/product\/115914","targetHints":{"allow":["GET"]}}],"collection":[{"href":"https:\/\/www.ernstbrunn-apotheke.at\/katalog\/wp-json\/wp\/v2\/product"}],"about":[{"href":"https:\/\/www.ernstbrunn-apotheke.at\/katalog\/wp-json\/wp\/v2\/types\/product"}],"wp:featuredmedia":[{"embeddable":true,"href":"https:\/\/www.ernstbrunn-apotheke.at\/katalog\/wp-json\/wp\/v2\/media\/115916"}],"wp:attachment":[{"href":"https:\/\/www.ernstbrunn-apotheke.at\/katalog\/wp-json\/wp\/v2\/media?parent=115914"}],"wp:term":[{"taxonomy":"product_brand","embeddable":true,"href":"https:\/\/www.ernstbrunn-apotheke.at\/katalog\/wp-json\/wp\/v2\/product_brand?post=115914"},{"taxonomy":"product_cat","embeddable":true,"href":"https:\/\/www.ernstbrunn-apotheke.at\/katalog\/wp-json\/wp\/v2\/product_cat?post=115914"},{"taxonomy":"product_tag","embeddable":true,"href":"https:\/\/www.ernstbrunn-apotheke.at\/katalog\/wp-json\/wp\/v2\/product_tag?post=115914"}],"curies":[{"name":"wp","href":"https:\/\/api.w.org\/{rel}","templated":true}]}}