{"id":115877,"date":"2025-11-13T07:35:26","date_gmt":"2025-11-13T06:35:26","guid":{"rendered":"https:\/\/www.ernstbrunn-apotheke.at\/katalog\/produkt\/huebner-arthoro-arthrose-stick-1-pkg\/"},"modified":"2025-12-08T22:50:06","modified_gmt":"2025-12-08T21:50:06","slug":"huebner-arthoro-arthrose-stick-1-pkg","status":"publish","type":"product","link":"https:\/\/www.ernstbrunn-apotheke.at\/katalog\/produkt\/huebner-arthoro-arthrose-stick-1-pkg\/","title":{"rendered":"H\u00fcbner Arthoro Arthrose Stick 1 Pkg."},"content":{"rendered":"<p>H\u00fcbner Arthoro Arthrose Stick enth\u00e4lt Prolinax, eine Kombination aus der wertvollen Aminos\u00e4ure L-Prolin und Vitamin C. Dieses Nahrungserg\u00e4nzungsmittel versorgtes Ihr Gelenk mit allen n\u00f6tigen Wirkstoffen, damit dieses bis ins hohe Alter beweglich bleibt.<\/p>\n","protected":false},"excerpt":{"rendered":"<p>H\u00fcbner Arthoro Arthrose Stick enth\u00e4lt Prolinax, eine Kombination aus der wertvollen Aminos\u00e4ure L-Prolin und Vitamin C. Dieses Nahrungserg\u00e4nzungsmittel versorgtes Ihr Gelenk mit allen n\u00f6tigen Wirkstoffen, damit dieses bis ins hohe Alter beweglich bleibt.<\/p>\n","protected":false},"featured_media":115879,"template":"","meta":{"_acf_changed":false},"product_brand":[],"product_cat":[805],"product_tag":[],"class_list":{"0":"post-115877","1":"product","2":"type-product","3":"status-publish","4":"has-post-thumbnail","6":"product_cat-h","7":"pa_packungsgroesse-500","9":"first","10":"instock","11":"shipping-taxable","12":"purchasable","13":"product-type-simple"},"acf":[],"_links":{"self":[{"href":"https:\/\/www.ernstbrunn-apotheke.at\/katalog\/wp-json\/wp\/v2\/product\/115877","targetHints":{"allow":["GET"]}}],"collection":[{"href":"https:\/\/www.ernstbrunn-apotheke.at\/katalog\/wp-json\/wp\/v2\/product"}],"about":[{"href":"https:\/\/www.ernstbrunn-apotheke.at\/katalog\/wp-json\/wp\/v2\/types\/product"}],"wp:featuredmedia":[{"embeddable":true,"href":"https:\/\/www.ernstbrunn-apotheke.at\/katalog\/wp-json\/wp\/v2\/media\/115879"}],"wp:attachment":[{"href":"https:\/\/www.ernstbrunn-apotheke.at\/katalog\/wp-json\/wp\/v2\/media?parent=115877"}],"wp:term":[{"taxonomy":"product_brand","embeddable":true,"href":"https:\/\/www.ernstbrunn-apotheke.at\/katalog\/wp-json\/wp\/v2\/product_brand?post=115877"},{"taxonomy":"product_cat","embeddable":true,"href":"https:\/\/www.ernstbrunn-apotheke.at\/katalog\/wp-json\/wp\/v2\/product_cat?post=115877"},{"taxonomy":"product_tag","embeddable":true,"href":"https:\/\/www.ernstbrunn-apotheke.at\/katalog\/wp-json\/wp\/v2\/product_tag?post=115877"}],"curies":[{"name":"wp","href":"https:\/\/api.w.org\/{rel}","templated":true}]}}