{"id":115871,"date":"2025-11-13T07:35:26","date_gmt":"2025-11-13T06:35:26","guid":{"rendered":"https:\/\/www.ernstbrunn-apotheke.at\/katalog\/produkt\/aronia-saft-bio-3-l\/"},"modified":"2025-12-08T22:50:02","modified_gmt":"2025-12-08T21:50:02","slug":"aronia-saft-bio-3-l","status":"publish","type":"product","link":"https:\/\/www.ernstbrunn-apotheke.at\/katalog\/produkt\/aronia-saft-bio-3-l\/","title":{"rendered":"Aronia Saft Bio 3 L"},"content":{"rendered":"<p>Frisch gepresst, fruchtig und &#8211; aufgrund des hohen Vitalstoffgehalts &#8211; sehr geschmacksintensiver Aroniasaft aus 100% \u00f6sterreichischen Bio-Aroniabeeren.Unser Bio-Aroniasaft wird schonend aus sonnengereiften, frisch gepfl\u00fcckten Aroniabeeren (Apfelbeeren, in \u00d6sterreich auch schwarze Eberesche genannt) gepresst und direkt abgef\u00fcllt. Somit garantieren wir 100% frischen Aroniasaft der nat\u00fcrlich auch das \u00f6sterreichische Bio-G\u00fctesiegel tr\u00e4gt.<\/p>\n","protected":false},"excerpt":{"rendered":"<p>Frisch gepresst, fruchtig und &#8211; aufgrund des hohen Vitalstoffgehalts &#8211; sehr geschmacksintensiver Aroniasaft aus 100% \u00f6sterreichischen Bio-Aroniabeeren.Unser Bio-Aroniasaft wird schonend aus sonnengereiften, frisch gepfl\u00fcckten Aroniabeeren (Apfelbeeren, in \u00d6sterreich auch schwarze Eberesche genannt) gepresst und direkt abgef\u00fcllt. Somit garantieren wir 100% frischen Aroniasaft der nat\u00fcrlich auch das \u00f6sterreichische Bio-G\u00fctesiegel tr\u00e4gt.<\/p>\n","protected":false},"featured_media":115873,"template":"","meta":{"_acf_changed":false},"product_brand":[],"product_cat":[801],"product_tag":[],"class_list":{"0":"post-115871","1":"product","2":"type-product","3":"status-publish","4":"has-post-thumbnail","6":"product_cat-a","7":"pa_packungsgroesse-3l","9":"first","10":"instock","11":"shipping-taxable","12":"purchasable","13":"product-type-simple"},"acf":[],"_links":{"self":[{"href":"https:\/\/www.ernstbrunn-apotheke.at\/katalog\/wp-json\/wp\/v2\/product\/115871","targetHints":{"allow":["GET"]}}],"collection":[{"href":"https:\/\/www.ernstbrunn-apotheke.at\/katalog\/wp-json\/wp\/v2\/product"}],"about":[{"href":"https:\/\/www.ernstbrunn-apotheke.at\/katalog\/wp-json\/wp\/v2\/types\/product"}],"wp:featuredmedia":[{"embeddable":true,"href":"https:\/\/www.ernstbrunn-apotheke.at\/katalog\/wp-json\/wp\/v2\/media\/115873"}],"wp:attachment":[{"href":"https:\/\/www.ernstbrunn-apotheke.at\/katalog\/wp-json\/wp\/v2\/media?parent=115871"}],"wp:term":[{"taxonomy":"product_brand","embeddable":true,"href":"https:\/\/www.ernstbrunn-apotheke.at\/katalog\/wp-json\/wp\/v2\/product_brand?post=115871"},{"taxonomy":"product_cat","embeddable":true,"href":"https:\/\/www.ernstbrunn-apotheke.at\/katalog\/wp-json\/wp\/v2\/product_cat?post=115871"},{"taxonomy":"product_tag","embeddable":true,"href":"https:\/\/www.ernstbrunn-apotheke.at\/katalog\/wp-json\/wp\/v2\/product_tag?post=115871"}],"curies":[{"name":"wp","href":"https:\/\/api.w.org\/{rel}","templated":true}]}}