{"id":115861,"date":"2025-11-13T07:35:03","date_gmt":"2025-11-13T06:35:03","guid":{"rendered":"https:\/\/www.ernstbrunn-apotheke.at\/katalog\/produkt\/aries-ameisen-oel-250-ml\/"},"modified":"2025-12-08T22:49:57","modified_gmt":"2025-12-08T21:49:57","slug":"aries-ameisen-oel-250-ml","status":"publish","type":"product","link":"https:\/\/www.ernstbrunn-apotheke.at\/katalog\/produkt\/aries-ameisen-oel-250-ml\/","title":{"rendered":"Aries Ameisen \u00d6l 250 ml"},"content":{"rendered":"<p>Aries Ameisen \u00d6l ist ein Konzentrat mit Neemextrakt und \u00e4therischen \u00d6l, voremulgiert f\u00fcr eine leichte Aufl\u00f6sung in Wasser. Ameisen und Insekten wie Asseln oder Silberfischchen am Haus, auf Wegen, Pl\u00e4tzen und Terrassen werden aus ihren Schlupfwinkeln vertrieben.<\/p>\n","protected":false},"excerpt":{"rendered":"<p>Aries Ameisen \u00d6l ist ein Konzentrat mit Neemextrakt und \u00e4therischen \u00d6l, voremulgiert f\u00fcr eine leichte Aufl\u00f6sung in Wasser. Ameisen und Insekten wie Asseln oder Silberfischchen am Haus, auf Wegen, Pl\u00e4tzen und Terrassen werden aus ihren Schlupfwinkeln vertrieben.<\/p>\n","protected":false},"featured_media":115863,"template":"","meta":{"_acf_changed":false},"product_brand":[],"product_cat":[801],"product_tag":[],"class_list":{"0":"post-115861","1":"product","2":"type-product","3":"status-publish","4":"has-post-thumbnail","6":"product_cat-a","7":"pa_packungsgroesse-250ml","9":"first","10":"instock","11":"shipping-taxable","12":"purchasable","13":"product-type-simple"},"acf":[],"_links":{"self":[{"href":"https:\/\/www.ernstbrunn-apotheke.at\/katalog\/wp-json\/wp\/v2\/product\/115861","targetHints":{"allow":["GET"]}}],"collection":[{"href":"https:\/\/www.ernstbrunn-apotheke.at\/katalog\/wp-json\/wp\/v2\/product"}],"about":[{"href":"https:\/\/www.ernstbrunn-apotheke.at\/katalog\/wp-json\/wp\/v2\/types\/product"}],"wp:featuredmedia":[{"embeddable":true,"href":"https:\/\/www.ernstbrunn-apotheke.at\/katalog\/wp-json\/wp\/v2\/media\/115863"}],"wp:attachment":[{"href":"https:\/\/www.ernstbrunn-apotheke.at\/katalog\/wp-json\/wp\/v2\/media?parent=115861"}],"wp:term":[{"taxonomy":"product_brand","embeddable":true,"href":"https:\/\/www.ernstbrunn-apotheke.at\/katalog\/wp-json\/wp\/v2\/product_brand?post=115861"},{"taxonomy":"product_cat","embeddable":true,"href":"https:\/\/www.ernstbrunn-apotheke.at\/katalog\/wp-json\/wp\/v2\/product_cat?post=115861"},{"taxonomy":"product_tag","embeddable":true,"href":"https:\/\/www.ernstbrunn-apotheke.at\/katalog\/wp-json\/wp\/v2\/product_tag?post=115861"}],"curies":[{"name":"wp","href":"https:\/\/api.w.org\/{rel}","templated":true}]}}