{"id":115847,"date":"2025-11-13T07:33:59","date_gmt":"2025-11-13T06:33:59","guid":{"rendered":"https:\/\/www.ernstbrunn-apotheke.at\/katalog\/produkt\/aquaglide-gleitgel-neutral-pump-125-ml\/"},"modified":"2025-12-08T22:49:51","modified_gmt":"2025-12-08T21:49:51","slug":"aquaglide-gleitgel-neutral-pump-125-ml","status":"publish","type":"product","link":"https:\/\/www.ernstbrunn-apotheke.at\/katalog\/produkt\/aquaglide-gleitgel-neutral-pump-125-ml\/","title":{"rendered":"Aquaglide Gleitgel Neutral Pump 125 ml"},"content":{"rendered":"<p>Aquaglide Gleitgel Neutral im Pumpspender ist seit \u00fcber einem Jahrzehnt eines der bekanntesten und beliebtesten Gleitgele auf dem europ\u00e4ischen Markt. Das medizinische, kristallklare Gel sorgt beim ausgiebigen Liebesspiel mit nur wenigen Tropfen f\u00fcr ein lang anhaltendes, optimales Feuchtigkeitsniveau.<\/p>\n","protected":false},"excerpt":{"rendered":"<p>Aquaglide Gleitgel Neutral im Pumpspender ist seit \u00fcber einem Jahrzehnt eines der bekanntesten und beliebtesten Gleitgele auf dem europ\u00e4ischen Markt. Das medizinische, kristallklare Gel sorgt beim ausgiebigen Liebesspiel mit nur wenigen Tropfen f\u00fcr ein lang anhaltendes, optimales Feuchtigkeitsniveau.<\/p>\n","protected":false},"featured_media":115849,"template":"","meta":{"_acf_changed":false},"product_brand":[],"product_cat":[801],"product_tag":[],"class_list":{"0":"post-115847","1":"product","2":"type-product","3":"status-publish","4":"has-post-thumbnail","6":"product_cat-a","7":"pa_packungsgroesse-125ml","9":"first","10":"instock","11":"shipping-taxable","12":"purchasable","13":"product-type-simple"},"acf":[],"_links":{"self":[{"href":"https:\/\/www.ernstbrunn-apotheke.at\/katalog\/wp-json\/wp\/v2\/product\/115847","targetHints":{"allow":["GET"]}}],"collection":[{"href":"https:\/\/www.ernstbrunn-apotheke.at\/katalog\/wp-json\/wp\/v2\/product"}],"about":[{"href":"https:\/\/www.ernstbrunn-apotheke.at\/katalog\/wp-json\/wp\/v2\/types\/product"}],"wp:featuredmedia":[{"embeddable":true,"href":"https:\/\/www.ernstbrunn-apotheke.at\/katalog\/wp-json\/wp\/v2\/media\/115849"}],"wp:attachment":[{"href":"https:\/\/www.ernstbrunn-apotheke.at\/katalog\/wp-json\/wp\/v2\/media?parent=115847"}],"wp:term":[{"taxonomy":"product_brand","embeddable":true,"href":"https:\/\/www.ernstbrunn-apotheke.at\/katalog\/wp-json\/wp\/v2\/product_brand?post=115847"},{"taxonomy":"product_cat","embeddable":true,"href":"https:\/\/www.ernstbrunn-apotheke.at\/katalog\/wp-json\/wp\/v2\/product_cat?post=115847"},{"taxonomy":"product_tag","embeddable":true,"href":"https:\/\/www.ernstbrunn-apotheke.at\/katalog\/wp-json\/wp\/v2\/product_tag?post=115847"}],"curies":[{"name":"wp","href":"https:\/\/api.w.org\/{rel}","templated":true}]}}