{"id":115788,"date":"2025-11-13T07:32:24","date_gmt":"2025-11-13T06:32:24","guid":{"rendered":"https:\/\/www.ernstbrunn-apotheke.at\/katalog\/produkt\/aptamil-pregomin-spezialnahrung-400-g\/"},"modified":"2025-12-08T22:49:36","modified_gmt":"2025-12-08T21:49:36","slug":"aptamil-pregomin-spezialnahrung-400-g","status":"publish","type":"product","link":"https:\/\/www.ernstbrunn-apotheke.at\/katalog\/produkt\/aptamil-pregomin-spezialnahrung-400-g\/","title":{"rendered":"Aptamil Pregomin Spezialnahrung 400 g"},"content":{"rendered":"<p>Aptamil Pregomin ist geeignet zum Di\u00e4tmanagement bei Kuhmilchproteinallergie und Malabsorption. Aptamil Pregomin kann zur ausschlie\u00dflichen Ern\u00e4hrung deines Babys von Geburt an verwendet werden. Stark hydrolysiertes Protein, mittelkettige Triglyceride (MCT), reduzierter Lactosegehalt.<\/p>\n","protected":false},"excerpt":{"rendered":"<p>Aptamil Pregomin ist geeignet zum Di\u00e4tmanagement bei Kuhmilchproteinallergie und Malabsorption. Aptamil Pregomin kann zur ausschlie\u00dflichen Ern\u00e4hrung deines Babys von Geburt an verwendet werden. Stark hydrolysiertes Protein, mittelkettige Triglyceride (MCT), reduzierter Lactosegehalt.<\/p>\n","protected":false},"featured_media":115790,"template":"","meta":{"_acf_changed":false},"product_brand":[],"product_cat":[801],"product_tag":[],"class_list":{"0":"post-115788","1":"product","2":"type-product","3":"status-publish","4":"has-post-thumbnail","6":"product_cat-a","7":"pa_packungsgroesse-400g","9":"first","10":"instock","11":"shipping-taxable","12":"purchasable","13":"product-type-simple"},"acf":[],"_links":{"self":[{"href":"https:\/\/www.ernstbrunn-apotheke.at\/katalog\/wp-json\/wp\/v2\/product\/115788","targetHints":{"allow":["GET"]}}],"collection":[{"href":"https:\/\/www.ernstbrunn-apotheke.at\/katalog\/wp-json\/wp\/v2\/product"}],"about":[{"href":"https:\/\/www.ernstbrunn-apotheke.at\/katalog\/wp-json\/wp\/v2\/types\/product"}],"wp:featuredmedia":[{"embeddable":true,"href":"https:\/\/www.ernstbrunn-apotheke.at\/katalog\/wp-json\/wp\/v2\/media\/115790"}],"wp:attachment":[{"href":"https:\/\/www.ernstbrunn-apotheke.at\/katalog\/wp-json\/wp\/v2\/media?parent=115788"}],"wp:term":[{"taxonomy":"product_brand","embeddable":true,"href":"https:\/\/www.ernstbrunn-apotheke.at\/katalog\/wp-json\/wp\/v2\/product_brand?post=115788"},{"taxonomy":"product_cat","embeddable":true,"href":"https:\/\/www.ernstbrunn-apotheke.at\/katalog\/wp-json\/wp\/v2\/product_cat?post=115788"},{"taxonomy":"product_tag","embeddable":true,"href":"https:\/\/www.ernstbrunn-apotheke.at\/katalog\/wp-json\/wp\/v2\/product_tag?post=115788"}],"curies":[{"name":"wp","href":"https:\/\/api.w.org\/{rel}","templated":true}]}}