{"id":115768,"date":"2025-11-13T07:32:24","date_gmt":"2025-11-13T06:32:24","guid":{"rendered":"https:\/\/www.ernstbrunn-apotheke.at\/katalog\/produkt\/milupa-aptamil-comfort-800-g\/"},"modified":"2025-12-08T22:49:33","modified_gmt":"2025-12-08T21:49:33","slug":"milupa-aptamil-comfort-800-g","status":"publish","type":"product","link":"https:\/\/www.ernstbrunn-apotheke.at\/katalog\/produkt\/milupa-aptamil-comfort-800-g\/","title":{"rendered":"Milupa Aptamil Comfort 800 g"},"content":{"rendered":"<p>Milupa Aptamil Comfort 800 g ist geeignet f\u00fcr Babys mit ern\u00e4hrungsbedingten Verdauungsbeschwerden wie Drei-Monats-Koliken, Bl\u00e4hungen und Verstopfung. Sollte Ihr Kinderarzt Ihnen f\u00fcr Ihr flaschenern\u00e4hrtes Baby eine Spezialnahrung empfehlen, k\u00f6nnen Sie Aptamil Comfort von Geburt an zur ausschlie\u00dflichen Ern\u00e4hrung Ihres Babys und nach dem 6. Monat im Rahmen einer gemischten Beikost verwenden.<\/p>\n","protected":false},"excerpt":{"rendered":"<p>Milupa Aptamil Comfort 800 g ist geeignet f\u00fcr Babys mit ern\u00e4hrungsbedingten Verdauungsbeschwerden wie Drei-Monats-Koliken, Bl\u00e4hungen und Verstopfung. Sollte Ihr Kinderarzt Ihnen f\u00fcr Ihr flaschenern\u00e4hrtes Baby eine Spezialnahrung empfehlen, k\u00f6nnen Sie Aptamil Comfort von Geburt an zur ausschlie\u00dflichen Ern\u00e4hrung Ihres Babys und nach dem 6. Monat im Rahmen einer gemischten Beikost verwenden.<\/p>\n","protected":false},"featured_media":115770,"template":"","meta":{"_acf_changed":false},"product_brand":[],"product_cat":[800],"product_tag":[],"class_list":{"0":"post-115768","1":"product","2":"type-product","3":"status-publish","4":"has-post-thumbnail","6":"product_cat-m","7":"pa_packungsgroesse-800g","9":"first","10":"instock","11":"shipping-taxable","12":"purchasable","13":"product-type-simple"},"acf":[],"_links":{"self":[{"href":"https:\/\/www.ernstbrunn-apotheke.at\/katalog\/wp-json\/wp\/v2\/product\/115768","targetHints":{"allow":["GET"]}}],"collection":[{"href":"https:\/\/www.ernstbrunn-apotheke.at\/katalog\/wp-json\/wp\/v2\/product"}],"about":[{"href":"https:\/\/www.ernstbrunn-apotheke.at\/katalog\/wp-json\/wp\/v2\/types\/product"}],"wp:featuredmedia":[{"embeddable":true,"href":"https:\/\/www.ernstbrunn-apotheke.at\/katalog\/wp-json\/wp\/v2\/media\/115770"}],"wp:attachment":[{"href":"https:\/\/www.ernstbrunn-apotheke.at\/katalog\/wp-json\/wp\/v2\/media?parent=115768"}],"wp:term":[{"taxonomy":"product_brand","embeddable":true,"href":"https:\/\/www.ernstbrunn-apotheke.at\/katalog\/wp-json\/wp\/v2\/product_brand?post=115768"},{"taxonomy":"product_cat","embeddable":true,"href":"https:\/\/www.ernstbrunn-apotheke.at\/katalog\/wp-json\/wp\/v2\/product_cat?post=115768"},{"taxonomy":"product_tag","embeddable":true,"href":"https:\/\/www.ernstbrunn-apotheke.at\/katalog\/wp-json\/wp\/v2\/product_tag?post=115768"}],"curies":[{"name":"wp","href":"https:\/\/api.w.org\/{rel}","templated":true}]}}