{"id":115690,"date":"2025-11-13T07:30:20","date_gmt":"2025-11-13T06:30:20","guid":{"rendered":"https:\/\/www.ernstbrunn-apotheke.at\/katalog\/produkt\/apozema-tropfen-nr-16-gastritis-50-ml\/"},"modified":"2025-12-08T22:49:18","modified_gmt":"2025-12-08T21:49:18","slug":"apozema-tropfen-nr-16-gastritis-50-ml","status":"publish","type":"product","link":"https:\/\/www.ernstbrunn-apotheke.at\/katalog\/produkt\/apozema-tropfen-nr-16-gastritis-50-ml\/","title":{"rendered":"Apozema Tropfen Nr. 16 Gastritis 50 ml"},"content":{"rendered":"<p>APOZEMA Gastritis-Tropfen Nr. 16 von APOMEDICA regen die Selbstheilungskr\u00e4fte gem\u00e4\u00df dem hom\u00f6opathischen Arzneimittelbild bei Magenbeschwerden, Sodbrennen, Aufsto\u00dfen und zur Unterst\u00fctzung einer Gastritis-Behandlung an.<\/p>\n","protected":false},"excerpt":{"rendered":"<p>APOZEMA Gastritis-Tropfen Nr. 16 von APOMEDICA regen die Selbstheilungskr\u00e4fte gem\u00e4\u00df dem hom\u00f6opathischen Arzneimittelbild bei Magenbeschwerden, Sodbrennen, Aufsto\u00dfen und zur Unterst\u00fctzung einer Gastritis-Behandlung an.<\/p>\n","protected":false},"featured_media":115692,"template":"","meta":{"_acf_changed":false},"product_brand":[935],"product_cat":[801],"product_tag":[],"class_list":{"0":"post-115690","1":"product","2":"type-product","3":"status-publish","4":"has-post-thumbnail","6":"product_brand-apozema","7":"product_cat-a","8":"pa_packungsgroesse-50ml","10":"first","11":"instock","12":"shipping-taxable","13":"purchasable","14":"product-type-simple"},"acf":[],"_links":{"self":[{"href":"https:\/\/www.ernstbrunn-apotheke.at\/katalog\/wp-json\/wp\/v2\/product\/115690","targetHints":{"allow":["GET"]}}],"collection":[{"href":"https:\/\/www.ernstbrunn-apotheke.at\/katalog\/wp-json\/wp\/v2\/product"}],"about":[{"href":"https:\/\/www.ernstbrunn-apotheke.at\/katalog\/wp-json\/wp\/v2\/types\/product"}],"wp:featuredmedia":[{"embeddable":true,"href":"https:\/\/www.ernstbrunn-apotheke.at\/katalog\/wp-json\/wp\/v2\/media\/115692"}],"wp:attachment":[{"href":"https:\/\/www.ernstbrunn-apotheke.at\/katalog\/wp-json\/wp\/v2\/media?parent=115690"}],"wp:term":[{"taxonomy":"product_brand","embeddable":true,"href":"https:\/\/www.ernstbrunn-apotheke.at\/katalog\/wp-json\/wp\/v2\/product_brand?post=115690"},{"taxonomy":"product_cat","embeddable":true,"href":"https:\/\/www.ernstbrunn-apotheke.at\/katalog\/wp-json\/wp\/v2\/product_cat?post=115690"},{"taxonomy":"product_tag","embeddable":true,"href":"https:\/\/www.ernstbrunn-apotheke.at\/katalog\/wp-json\/wp\/v2\/product_tag?post=115690"}],"curies":[{"name":"wp","href":"https:\/\/api.w.org\/{rel}","templated":true}]}}