{"id":115661,"date":"2025-11-13T07:29:26","date_gmt":"2025-11-13T06:29:26","guid":{"rendered":"https:\/\/www.ernstbrunn-apotheke.at\/katalog\/produkt\/apofit-aetherisches-oel-arom-roll-on-10-ml-energie\/"},"modified":"2025-12-08T22:49:11","modified_gmt":"2025-12-08T21:49:11","slug":"apofit-aetherisches-oel-arom-roll-on-10-ml-energie","status":"publish","type":"product","link":"https:\/\/www.ernstbrunn-apotheke.at\/katalog\/produkt\/apofit-aetherisches-oel-arom-roll-on-10-ml-energie\/","title":{"rendered":"Apofit \u00c4therisches \u00d6l Arom. Roll-on 10 ml Energie"},"content":{"rendered":"<p>Apofit \u00c4therisches \u00d6l Arom. Roll-on sorgt mit seinen ausgew\u00e4hlten, \u00e4therischen \u00d6len f\u00fcr die richtige geistige Verfassung und l\u00e4sst Sie sich auf Wichtiges konzentrieren. Der Retter, wenn die falschen Gedanken und Sorgen die Sicht auf das Wesentliche tr\u00fcben. Nicht zur Einnahme bestimmt!.<\/p>\n","protected":false},"excerpt":{"rendered":"<p>Apofit \u00c4therisches \u00d6l Arom. Roll-on sorgt mit seinen ausgew\u00e4hlten, \u00e4therischen \u00d6len f\u00fcr die richtige geistige Verfassung und l\u00e4sst Sie sich auf Wichtiges konzentrieren. Der Retter, wenn die falschen Gedanken und Sorgen die Sicht auf das Wesentliche tr\u00fcben. Nicht zur Einnahme bestimmt!.<\/p>\n","protected":false},"featured_media":115663,"template":"","meta":{"_acf_changed":false},"product_brand":[584],"product_cat":[801],"product_tag":[],"class_list":{"0":"post-115661","1":"product","2":"type-product","3":"status-publish","4":"has-post-thumbnail","6":"product_brand-apofit","7":"product_cat-a","8":"pa_packungsgroesse-10ml","10":"first","11":"instock","12":"shipping-taxable","13":"purchasable","14":"product-type-simple"},"acf":[],"_links":{"self":[{"href":"https:\/\/www.ernstbrunn-apotheke.at\/katalog\/wp-json\/wp\/v2\/product\/115661","targetHints":{"allow":["GET"]}}],"collection":[{"href":"https:\/\/www.ernstbrunn-apotheke.at\/katalog\/wp-json\/wp\/v2\/product"}],"about":[{"href":"https:\/\/www.ernstbrunn-apotheke.at\/katalog\/wp-json\/wp\/v2\/types\/product"}],"wp:featuredmedia":[{"embeddable":true,"href":"https:\/\/www.ernstbrunn-apotheke.at\/katalog\/wp-json\/wp\/v2\/media\/115663"}],"wp:attachment":[{"href":"https:\/\/www.ernstbrunn-apotheke.at\/katalog\/wp-json\/wp\/v2\/media?parent=115661"}],"wp:term":[{"taxonomy":"product_brand","embeddable":true,"href":"https:\/\/www.ernstbrunn-apotheke.at\/katalog\/wp-json\/wp\/v2\/product_brand?post=115661"},{"taxonomy":"product_cat","embeddable":true,"href":"https:\/\/www.ernstbrunn-apotheke.at\/katalog\/wp-json\/wp\/v2\/product_cat?post=115661"},{"taxonomy":"product_tag","embeddable":true,"href":"https:\/\/www.ernstbrunn-apotheke.at\/katalog\/wp-json\/wp\/v2\/product_tag?post=115661"}],"curies":[{"name":"wp","href":"https:\/\/api.w.org\/{rel}","templated":true}]}}