{"id":115624,"date":"2025-11-13T07:28:48","date_gmt":"2025-11-13T06:28:48","guid":{"rendered":"https:\/\/www.ernstbrunn-apotheke.at\/katalog\/produkt\/apiserum-gelee-royale-maske-jelly-50-ml\/"},"modified":"2025-12-08T22:49:03","modified_gmt":"2025-12-08T21:49:03","slug":"apiserum-gelee-royale-maske-jelly-50-ml","status":"publish","type":"product","link":"https:\/\/www.ernstbrunn-apotheke.at\/katalog\/produkt\/apiserum-gelee-royale-maske-jelly-50-ml\/","title":{"rendered":"Apiserum Gel\u00e9e Royale Maske Jelly 50 ml"},"content":{"rendered":"<p>Apiserum Gel\u00e9e Royale Maske Jelly vitalisiert und regeneriert das Gewebe. Die Haut erh\u00e4lt neue Spannkraft und die Poren verfeinern sich. Das Hautbild ist frisch und der Teint ebenm\u00e4\u00dfig. Sie erfrischt, reinigt und regeneriert. Papain l\u00f6st abgestorbene Hautzellen schonend ab. Wirkstoffe k\u00f6nnen in tiefere Hautschichten dringen und so ihre volle Wirkung entfalten. Honig und Gel\u00e9e Royale regen Stoffwechselvorg\u00e4nge an.<\/p>\n","protected":false},"excerpt":{"rendered":"<p>Apiserum Gel\u00e9e Royale Maske Jelly vitalisiert und regeneriert das Gewebe. Die Haut erh\u00e4lt neue Spannkraft und die Poren verfeinern sich. Das Hautbild ist frisch und der Teint ebenm\u00e4\u00dfig. Sie erfrischt, reinigt und regeneriert. Papain l\u00f6st abgestorbene Hautzellen schonend ab. Wirkstoffe k\u00f6nnen in tiefere Hautschichten dringen und so ihre volle Wirkung entfalten. Honig und Gel\u00e9e Royale [&hellip;]<\/p>\n","protected":false},"featured_media":115626,"template":"","meta":{"_acf_changed":false},"product_brand":[],"product_cat":[801],"product_tag":[],"class_list":{"0":"post-115624","1":"product","2":"type-product","3":"status-publish","4":"has-post-thumbnail","6":"product_cat-a","7":"pa_packungsgroesse-50ml","9":"first","10":"instock","11":"shipping-taxable","12":"purchasable","13":"product-type-simple"},"acf":[],"_links":{"self":[{"href":"https:\/\/www.ernstbrunn-apotheke.at\/katalog\/wp-json\/wp\/v2\/product\/115624","targetHints":{"allow":["GET"]}}],"collection":[{"href":"https:\/\/www.ernstbrunn-apotheke.at\/katalog\/wp-json\/wp\/v2\/product"}],"about":[{"href":"https:\/\/www.ernstbrunn-apotheke.at\/katalog\/wp-json\/wp\/v2\/types\/product"}],"wp:featuredmedia":[{"embeddable":true,"href":"https:\/\/www.ernstbrunn-apotheke.at\/katalog\/wp-json\/wp\/v2\/media\/115626"}],"wp:attachment":[{"href":"https:\/\/www.ernstbrunn-apotheke.at\/katalog\/wp-json\/wp\/v2\/media?parent=115624"}],"wp:term":[{"taxonomy":"product_brand","embeddable":true,"href":"https:\/\/www.ernstbrunn-apotheke.at\/katalog\/wp-json\/wp\/v2\/product_brand?post=115624"},{"taxonomy":"product_cat","embeddable":true,"href":"https:\/\/www.ernstbrunn-apotheke.at\/katalog\/wp-json\/wp\/v2\/product_cat?post=115624"},{"taxonomy":"product_tag","embeddable":true,"href":"https:\/\/www.ernstbrunn-apotheke.at\/katalog\/wp-json\/wp\/v2\/product_tag?post=115624"}],"curies":[{"name":"wp","href":"https:\/\/api.w.org\/{rel}","templated":true}]}}