{"id":115621,"date":"2025-11-13T07:28:48","date_gmt":"2025-11-13T06:28:48","guid":{"rendered":"https:\/\/www.ernstbrunn-apotheke.at\/katalog\/produkt\/apiserum-gelee-royale-night-creme-50-ml\/"},"modified":"2025-12-08T22:49:02","modified_gmt":"2025-12-08T21:49:02","slug":"apiserum-gelee-royale-night-creme-50-ml","status":"publish","type":"product","link":"https:\/\/www.ernstbrunn-apotheke.at\/katalog\/produkt\/apiserum-gelee-royale-night-creme-50-ml\/","title":{"rendered":"Apiserum Gel\u00e9e Royale Night Creme 50 ml"},"content":{"rendered":"<p>Apiserum Gel\u00e9e Royale Night Creme vitalisiert und f\u00f6rdert die Zellregeneration. Diese einzigartige Regenerationswirkung gleicht den Feuchtigkeitshaushalt der Haut aus und beugt F\u00e4ltchen vor. Honig schenkt dem Teint Frische und Geschmeidigkeit. Zudem werden Elastizit\u00e4t und Festigkeit sp\u00fcrbar verbessert. Die Haut gewinnt au\u00dferdem an Vitalit\u00e4t und Spannkraft.<\/p>\n","protected":false},"excerpt":{"rendered":"<p>Apiserum Gel\u00e9e Royale Night Creme vitalisiert und f\u00f6rdert die Zellregeneration. Diese einzigartige Regenerationswirkung gleicht den Feuchtigkeitshaushalt der Haut aus und beugt F\u00e4ltchen vor. Honig schenkt dem Teint Frische und Geschmeidigkeit. Zudem werden Elastizit\u00e4t und Festigkeit sp\u00fcrbar verbessert. Die Haut gewinnt au\u00dferdem an Vitalit\u00e4t und Spannkraft.<\/p>\n","protected":false},"featured_media":115623,"template":"","meta":{"_acf_changed":false},"product_brand":[],"product_cat":[801],"product_tag":[],"class_list":{"0":"post-115621","1":"product","2":"type-product","3":"status-publish","4":"has-post-thumbnail","6":"product_cat-a","7":"pa_packungsgroesse-50ml","9":"first","10":"instock","11":"shipping-taxable","12":"purchasable","13":"product-type-simple"},"acf":[],"_links":{"self":[{"href":"https:\/\/www.ernstbrunn-apotheke.at\/katalog\/wp-json\/wp\/v2\/product\/115621","targetHints":{"allow":["GET"]}}],"collection":[{"href":"https:\/\/www.ernstbrunn-apotheke.at\/katalog\/wp-json\/wp\/v2\/product"}],"about":[{"href":"https:\/\/www.ernstbrunn-apotheke.at\/katalog\/wp-json\/wp\/v2\/types\/product"}],"wp:featuredmedia":[{"embeddable":true,"href":"https:\/\/www.ernstbrunn-apotheke.at\/katalog\/wp-json\/wp\/v2\/media\/115623"}],"wp:attachment":[{"href":"https:\/\/www.ernstbrunn-apotheke.at\/katalog\/wp-json\/wp\/v2\/media?parent=115621"}],"wp:term":[{"taxonomy":"product_brand","embeddable":true,"href":"https:\/\/www.ernstbrunn-apotheke.at\/katalog\/wp-json\/wp\/v2\/product_brand?post=115621"},{"taxonomy":"product_cat","embeddable":true,"href":"https:\/\/www.ernstbrunn-apotheke.at\/katalog\/wp-json\/wp\/v2\/product_cat?post=115621"},{"taxonomy":"product_tag","embeddable":true,"href":"https:\/\/www.ernstbrunn-apotheke.at\/katalog\/wp-json\/wp\/v2\/product_tag?post=115621"}],"curies":[{"name":"wp","href":"https:\/\/api.w.org\/{rel}","templated":true}]}}