{"id":115608,"date":"2025-11-13T07:28:48","date_gmt":"2025-11-13T06:28:48","guid":{"rendered":"https:\/\/www.ernstbrunn-apotheke.at\/katalog\/produkt\/anulind-waschschaum-40-ml\/"},"modified":"2025-12-08T22:48:58","modified_gmt":"2025-12-08T21:48:58","slug":"anulind-waschschaum-40-ml","status":"publish","type":"product","link":"https:\/\/www.ernstbrunn-apotheke.at\/katalog\/produkt\/anulind-waschschaum-40-ml\/","title":{"rendered":"ANULIND Waschschaum 40 ml"},"content":{"rendered":"<p>ANULIND Cleanser ist ein zarter, cremiger Schaum, der als ideale Reinigung f\u00fcr den empfindlichen \u00e4u\u00dferen Analbereich und besonders f\u00fcr die Anwendung bei schmerzenden H\u00e4morrhoiden geeignet ist und nat\u00fcrliche Extrakte von Kamille, Ringelblume und Kornblume beinhaltet. Das Produkt ist leicht anzuwenden und reinigt, beruhigt und erfrischt die Haut<\/p>\n","protected":false},"excerpt":{"rendered":"<p>ANULIND Cleanser ist ein zarter, cremiger Schaum, der als ideale Reinigung f\u00fcr den empfindlichen \u00e4u\u00dferen Analbereich und besonders f\u00fcr die Anwendung bei schmerzenden H\u00e4morrhoiden geeignet ist und nat\u00fcrliche Extrakte von Kamille, Ringelblume und Kornblume beinhaltet. Das Produkt ist leicht anzuwenden und reinigt, beruhigt und erfrischt die Haut<\/p>\n","protected":false},"featured_media":115610,"template":"","meta":{"_acf_changed":false},"product_brand":[],"product_cat":[801],"product_tag":[],"class_list":{"0":"post-115608","1":"product","2":"type-product","3":"status-publish","4":"has-post-thumbnail","6":"product_cat-a","7":"pa_packungsgroesse-40ml","9":"first","10":"instock","11":"shipping-taxable","12":"purchasable","13":"product-type-simple"},"acf":[],"_links":{"self":[{"href":"https:\/\/www.ernstbrunn-apotheke.at\/katalog\/wp-json\/wp\/v2\/product\/115608","targetHints":{"allow":["GET"]}}],"collection":[{"href":"https:\/\/www.ernstbrunn-apotheke.at\/katalog\/wp-json\/wp\/v2\/product"}],"about":[{"href":"https:\/\/www.ernstbrunn-apotheke.at\/katalog\/wp-json\/wp\/v2\/types\/product"}],"wp:featuredmedia":[{"embeddable":true,"href":"https:\/\/www.ernstbrunn-apotheke.at\/katalog\/wp-json\/wp\/v2\/media\/115610"}],"wp:attachment":[{"href":"https:\/\/www.ernstbrunn-apotheke.at\/katalog\/wp-json\/wp\/v2\/media?parent=115608"}],"wp:term":[{"taxonomy":"product_brand","embeddable":true,"href":"https:\/\/www.ernstbrunn-apotheke.at\/katalog\/wp-json\/wp\/v2\/product_brand?post=115608"},{"taxonomy":"product_cat","embeddable":true,"href":"https:\/\/www.ernstbrunn-apotheke.at\/katalog\/wp-json\/wp\/v2\/product_cat?post=115608"},{"taxonomy":"product_tag","embeddable":true,"href":"https:\/\/www.ernstbrunn-apotheke.at\/katalog\/wp-json\/wp\/v2\/product_tag?post=115608"}],"curies":[{"name":"wp","href":"https:\/\/api.w.org\/{rel}","templated":true}]}}