{"id":115594,"date":"2025-11-13T07:27:56","date_gmt":"2025-11-13T06:27:56","guid":{"rendered":"https:\/\/www.ernstbrunn-apotheke.at\/katalog\/produkt\/anulind-reinigungs-und-pflegetuecher-20-stk\/"},"modified":"2025-12-08T22:48:55","modified_gmt":"2025-12-08T21:48:55","slug":"anulind-reinigungs-und-pflegetuecher-20-stk","status":"publish","type":"product","link":"https:\/\/www.ernstbrunn-apotheke.at\/katalog\/produkt\/anulind-reinigungs-und-pflegetuecher-20-stk\/","title":{"rendered":"ANULIND Reinigungs- und Pfleget\u00fccher 20 Stk."},"content":{"rendered":"<p>ANULIND Reinigungs- und Pfleget\u00fccher mit nat\u00fcrlichen Extrakten der Kamille,Kornblume und Ringelblume sind mild und ideal f\u00fcr die sanfte Reinigung zwischendurch und f\u00fcr unterwegs. Sie pflegen den empfindlichen Haut im Afterbereich und dienen als optimale Vorbereitung f\u00fcr die Anwendung der ANULIND Creme<\/p>\n","protected":false},"excerpt":{"rendered":"<p>ANULIND Reinigungs- und Pfleget\u00fccher mit nat\u00fcrlichen Extrakten der Kamille,Kornblume und Ringelblume sind mild und ideal f\u00fcr die sanfte Reinigung zwischendurch und f\u00fcr unterwegs. Sie pflegen den empfindlichen Haut im Afterbereich und dienen als optimale Vorbereitung f\u00fcr die Anwendung der ANULIND Creme<\/p>\n","protected":false},"featured_media":115596,"template":"","meta":{"_acf_changed":false},"product_brand":[],"product_cat":[801],"product_tag":[],"class_list":{"0":"post-115594","1":"product","2":"type-product","3":"status-publish","4":"has-post-thumbnail","6":"product_cat-a","7":"pa_packungsgroesse-20-stueck","9":"first","10":"instock","11":"shipping-taxable","12":"purchasable","13":"product-type-simple"},"acf":[],"_links":{"self":[{"href":"https:\/\/www.ernstbrunn-apotheke.at\/katalog\/wp-json\/wp\/v2\/product\/115594","targetHints":{"allow":["GET"]}}],"collection":[{"href":"https:\/\/www.ernstbrunn-apotheke.at\/katalog\/wp-json\/wp\/v2\/product"}],"about":[{"href":"https:\/\/www.ernstbrunn-apotheke.at\/katalog\/wp-json\/wp\/v2\/types\/product"}],"wp:featuredmedia":[{"embeddable":true,"href":"https:\/\/www.ernstbrunn-apotheke.at\/katalog\/wp-json\/wp\/v2\/media\/115596"}],"wp:attachment":[{"href":"https:\/\/www.ernstbrunn-apotheke.at\/katalog\/wp-json\/wp\/v2\/media?parent=115594"}],"wp:term":[{"taxonomy":"product_brand","embeddable":true,"href":"https:\/\/www.ernstbrunn-apotheke.at\/katalog\/wp-json\/wp\/v2\/product_brand?post=115594"},{"taxonomy":"product_cat","embeddable":true,"href":"https:\/\/www.ernstbrunn-apotheke.at\/katalog\/wp-json\/wp\/v2\/product_cat?post=115594"},{"taxonomy":"product_tag","embeddable":true,"href":"https:\/\/www.ernstbrunn-apotheke.at\/katalog\/wp-json\/wp\/v2\/product_tag?post=115594"}],"curies":[{"name":"wp","href":"https:\/\/api.w.org\/{rel}","templated":true}]}}