{"id":115584,"date":"2025-11-13T07:27:56","date_gmt":"2025-11-13T06:27:56","guid":{"rendered":"https:\/\/www.ernstbrunn-apotheke.at\/katalog\/produkt\/anulind-creme-30-ml\/"},"modified":"2025-12-08T22:48:54","modified_gmt":"2025-12-08T21:48:54","slug":"anulind-creme-30-ml","status":"publish","type":"product","link":"https:\/\/www.ernstbrunn-apotheke.at\/katalog\/produkt\/anulind-creme-30-ml\/","title":{"rendered":"ANULIND Creme 30 ml"},"content":{"rendered":"<p>ANULIND Creme ist eine sch\u00fctzende Emulsion von wertvollen nat\u00fcrlichen Pflanzenextrakten und \u00d6len von Rosskastanien, Wassernabel, S\u00fc\u00dfmandel und Allantoin. Das Produkt eignet sich sowohl f\u00fcr die \u00e4u\u00dfere als auch f\u00fcr die innere Anwendung bei H\u00e4morrhoiden und anderen entz\u00fcndeten Analbeschwerden und leistet schnell Abhilfe bei Schmerzen, Brennen und Juckreiz. Anulind Creme basiert auf rein pflanzlichen Inhaltsstoffen und ist kortisonfrei<\/p>\n","protected":false},"excerpt":{"rendered":"<p>ANULIND Creme ist eine sch\u00fctzende Emulsion von wertvollen nat\u00fcrlichen Pflanzenextrakten und \u00d6len von Rosskastanien, Wassernabel, S\u00fc\u00dfmandel und Allantoin. Das Produkt eignet sich sowohl f\u00fcr die \u00e4u\u00dfere als auch f\u00fcr die innere Anwendung bei H\u00e4morrhoiden und anderen entz\u00fcndeten Analbeschwerden und leistet schnell Abhilfe bei Schmerzen, Brennen und Juckreiz. Anulind Creme basiert auf rein pflanzlichen Inhaltsstoffen und [&hellip;]<\/p>\n","protected":false},"featured_media":115586,"template":"","meta":{"_acf_changed":false},"product_brand":[],"product_cat":[801],"product_tag":[],"class_list":{"0":"post-115584","1":"product","2":"type-product","3":"status-publish","4":"has-post-thumbnail","6":"product_cat-a","7":"pa_packungsgroesse-30ml","9":"first","10":"instock","11":"shipping-taxable","12":"purchasable","13":"product-type-simple"},"acf":[],"_links":{"self":[{"href":"https:\/\/www.ernstbrunn-apotheke.at\/katalog\/wp-json\/wp\/v2\/product\/115584","targetHints":{"allow":["GET"]}}],"collection":[{"href":"https:\/\/www.ernstbrunn-apotheke.at\/katalog\/wp-json\/wp\/v2\/product"}],"about":[{"href":"https:\/\/www.ernstbrunn-apotheke.at\/katalog\/wp-json\/wp\/v2\/types\/product"}],"wp:featuredmedia":[{"embeddable":true,"href":"https:\/\/www.ernstbrunn-apotheke.at\/katalog\/wp-json\/wp\/v2\/media\/115586"}],"wp:attachment":[{"href":"https:\/\/www.ernstbrunn-apotheke.at\/katalog\/wp-json\/wp\/v2\/media?parent=115584"}],"wp:term":[{"taxonomy":"product_brand","embeddable":true,"href":"https:\/\/www.ernstbrunn-apotheke.at\/katalog\/wp-json\/wp\/v2\/product_brand?post=115584"},{"taxonomy":"product_cat","embeddable":true,"href":"https:\/\/www.ernstbrunn-apotheke.at\/katalog\/wp-json\/wp\/v2\/product_cat?post=115584"},{"taxonomy":"product_tag","embeddable":true,"href":"https:\/\/www.ernstbrunn-apotheke.at\/katalog\/wp-json\/wp\/v2\/product_tag?post=115584"}],"curies":[{"name":"wp","href":"https:\/\/api.w.org\/{rel}","templated":true}]}}