{"id":115571,"date":"2025-11-13T07:27:56","date_gmt":"2025-11-13T06:27:56","guid":{"rendered":"https:\/\/www.ernstbrunn-apotheke.at\/katalog\/produkt\/anthogenol-opc-masquelier-kapseln-xmas-75-stk\/"},"modified":"2025-12-08T22:48:51","modified_gmt":"2025-12-08T21:48:51","slug":"anthogenol-opc-masquelier-kapseln-xmas-75-stk","status":"publish","type":"product","link":"https:\/\/www.ernstbrunn-apotheke.at\/katalog\/produkt\/anthogenol-opc-masquelier-kapseln-xmas-75-stk\/","title":{"rendered":"Anthogenol OPC Masquelier Kapseln Xmas 75 Stk."},"content":{"rendered":"<p>Anthogenol OPC Masquelier Kapseln unterst\u00fctzen die Gesundheit der Gef\u00e4\u00dfe, indem sie die Kapillarw\u00e4nde st\u00e4rken. F\u00fcr eine optimale Verteilung von N\u00e4hrstoffen und Sauerstoff im ganzen K\u00f6rper ist ein gesundes Gef\u00e4\u00dfsystem lebenswichtig. Zudem helfen sie, die Kreislaufstruktur und -funktion im Auge, in der Haut sowie die Gesundheit der gesamten Beinvenen aufrecht zu erhalten.<\/p>\n","protected":false},"excerpt":{"rendered":"<p>Anthogenol OPC Masquelier Kapseln unterst\u00fctzen die Gesundheit der Gef\u00e4\u00dfe, indem sie die Kapillarw\u00e4nde st\u00e4rken. F\u00fcr eine optimale Verteilung von N\u00e4hrstoffen und Sauerstoff im ganzen K\u00f6rper ist ein gesundes Gef\u00e4\u00dfsystem lebenswichtig. Zudem helfen sie, die Kreislaufstruktur und -funktion im Auge, in der Haut sowie die Gesundheit der gesamten Beinvenen aufrecht zu erhalten.<\/p>\n","protected":false},"featured_media":115573,"template":"","meta":{"_acf_changed":false},"product_brand":[],"product_cat":[801],"product_tag":[],"class_list":{"0":"post-115571","1":"product","2":"type-product","3":"status-publish","4":"has-post-thumbnail","6":"product_cat-a","7":"pa_packungsgroesse-75-stueck","9":"first","10":"instock","11":"shipping-taxable","12":"purchasable","13":"product-type-simple"},"acf":[],"_links":{"self":[{"href":"https:\/\/www.ernstbrunn-apotheke.at\/katalog\/wp-json\/wp\/v2\/product\/115571","targetHints":{"allow":["GET"]}}],"collection":[{"href":"https:\/\/www.ernstbrunn-apotheke.at\/katalog\/wp-json\/wp\/v2\/product"}],"about":[{"href":"https:\/\/www.ernstbrunn-apotheke.at\/katalog\/wp-json\/wp\/v2\/types\/product"}],"wp:featuredmedia":[{"embeddable":true,"href":"https:\/\/www.ernstbrunn-apotheke.at\/katalog\/wp-json\/wp\/v2\/media\/115573"}],"wp:attachment":[{"href":"https:\/\/www.ernstbrunn-apotheke.at\/katalog\/wp-json\/wp\/v2\/media?parent=115571"}],"wp:term":[{"taxonomy":"product_brand","embeddable":true,"href":"https:\/\/www.ernstbrunn-apotheke.at\/katalog\/wp-json\/wp\/v2\/product_brand?post=115571"},{"taxonomy":"product_cat","embeddable":true,"href":"https:\/\/www.ernstbrunn-apotheke.at\/katalog\/wp-json\/wp\/v2\/product_cat?post=115571"},{"taxonomy":"product_tag","embeddable":true,"href":"https:\/\/www.ernstbrunn-apotheke.at\/katalog\/wp-json\/wp\/v2\/product_tag?post=115571"}],"curies":[{"name":"wp","href":"https:\/\/api.w.org\/{rel}","templated":true}]}}