{"id":115540,"date":"2025-11-13T07:26:48","date_gmt":"2025-11-13T06:26:48","guid":{"rendered":"https:\/\/www.ernstbrunn-apotheke.at\/katalog\/produkt\/alpensegen-kraeuterkomplex-life-50-ml\/"},"modified":"2025-12-08T22:48:40","modified_gmt":"2025-12-08T21:48:40","slug":"alpensegen-kraeuterkomplex-life-50-ml","status":"publish","type":"product","link":"https:\/\/www.ernstbrunn-apotheke.at\/katalog\/produkt\/alpensegen-kraeuterkomplex-life-50-ml\/","title":{"rendered":"Alpensegen Kr\u00e4uterkomplex Life 50 ml"},"content":{"rendered":"<p>Alpensegen Kr\u00e4uterkomplex Life Light verf\u00fcgt \u00fcber eine besondere Kraft, die eine wertvolle Unterst\u00fctzung f\u00fcr die Gesundheit darstellen kann. Kr\u00e4uter sind in besonderem Ma\u00dfe daf\u00fcr geeignet, den Menschen in seiner gesunden Balance zu unterst\u00fctzen.<\/p>\n","protected":false},"excerpt":{"rendered":"<p>Alpensegen Kr\u00e4uterkomplex Life Light verf\u00fcgt \u00fcber eine besondere Kraft, die eine wertvolle Unterst\u00fctzung f\u00fcr die Gesundheit darstellen kann. Kr\u00e4uter sind in besonderem Ma\u00dfe daf\u00fcr geeignet, den Menschen in seiner gesunden Balance zu unterst\u00fctzen.<\/p>\n","protected":false},"featured_media":115542,"template":"","meta":{"_acf_changed":false},"product_brand":[],"product_cat":[801],"product_tag":[],"class_list":{"0":"post-115540","1":"product","2":"type-product","3":"status-publish","4":"has-post-thumbnail","6":"product_cat-a","7":"pa_packungsgroesse-50ml","9":"first","10":"instock","11":"shipping-taxable","12":"purchasable","13":"product-type-simple"},"acf":[],"_links":{"self":[{"href":"https:\/\/www.ernstbrunn-apotheke.at\/katalog\/wp-json\/wp\/v2\/product\/115540","targetHints":{"allow":["GET"]}}],"collection":[{"href":"https:\/\/www.ernstbrunn-apotheke.at\/katalog\/wp-json\/wp\/v2\/product"}],"about":[{"href":"https:\/\/www.ernstbrunn-apotheke.at\/katalog\/wp-json\/wp\/v2\/types\/product"}],"wp:featuredmedia":[{"embeddable":true,"href":"https:\/\/www.ernstbrunn-apotheke.at\/katalog\/wp-json\/wp\/v2\/media\/115542"}],"wp:attachment":[{"href":"https:\/\/www.ernstbrunn-apotheke.at\/katalog\/wp-json\/wp\/v2\/media?parent=115540"}],"wp:term":[{"taxonomy":"product_brand","embeddable":true,"href":"https:\/\/www.ernstbrunn-apotheke.at\/katalog\/wp-json\/wp\/v2\/product_brand?post=115540"},{"taxonomy":"product_cat","embeddable":true,"href":"https:\/\/www.ernstbrunn-apotheke.at\/katalog\/wp-json\/wp\/v2\/product_cat?post=115540"},{"taxonomy":"product_tag","embeddable":true,"href":"https:\/\/www.ernstbrunn-apotheke.at\/katalog\/wp-json\/wp\/v2\/product_tag?post=115540"}],"curies":[{"name":"wp","href":"https:\/\/api.w.org\/{rel}","templated":true}]}}