{"id":115517,"date":"2025-11-13T07:26:48","date_gmt":"2025-11-13T06:26:48","guid":{"rendered":"https:\/\/www.ernstbrunn-apotheke.at\/katalog\/produkt\/alopexy-loesung-180-ml-5\/"},"modified":"2025-12-08T22:48:35","modified_gmt":"2025-12-08T21:48:35","slug":"alopexy-loesung-180-ml-5","status":"publish","type":"product","link":"https:\/\/www.ernstbrunn-apotheke.at\/katalog\/produkt\/alopexy-loesung-180-ml-5\/","title":{"rendered":"Alopexy L\u00f6sung 180 ml 5%"},"content":{"rendered":"<p>Alopexy L\u00f6sung gegen erblich bedingten Haarausfall bei M\u00e4nnern stoppt wirksam Haarausfall und Geheimratsecken. Die L\u00f6sung sorgt f\u00fcr eine verbesserte N\u00e4hrstoffversorgung der Haarwurzel, wirkt dem Alterungsprozess des Haarfollikels entgegen und stimuliert so die Haar-Neubildung bzw. das Haarwachstum .<\/p>\n","protected":false},"excerpt":{"rendered":"<p>Alopexy L\u00f6sung gegen erblich bedingten Haarausfall bei M\u00e4nnern stoppt wirksam Haarausfall und Geheimratsecken. Die L\u00f6sung sorgt f\u00fcr eine verbesserte N\u00e4hrstoffversorgung der Haarwurzel, wirkt dem Alterungsprozess des Haarfollikels entgegen und stimuliert so die Haar-Neubildung bzw. das Haarwachstum .<\/p>\n","protected":false},"featured_media":115519,"template":"","meta":{"_acf_changed":false},"product_brand":[],"product_cat":[801],"product_tag":[],"class_list":{"0":"post-115517","1":"product","2":"type-product","3":"status-publish","4":"has-post-thumbnail","6":"product_cat-a","7":"pa_packungsgroesse-180ml","9":"first","10":"instock","11":"shipping-taxable","12":"purchasable","13":"product-type-simple"},"acf":[],"_links":{"self":[{"href":"https:\/\/www.ernstbrunn-apotheke.at\/katalog\/wp-json\/wp\/v2\/product\/115517","targetHints":{"allow":["GET"]}}],"collection":[{"href":"https:\/\/www.ernstbrunn-apotheke.at\/katalog\/wp-json\/wp\/v2\/product"}],"about":[{"href":"https:\/\/www.ernstbrunn-apotheke.at\/katalog\/wp-json\/wp\/v2\/types\/product"}],"wp:featuredmedia":[{"embeddable":true,"href":"https:\/\/www.ernstbrunn-apotheke.at\/katalog\/wp-json\/wp\/v2\/media\/115519"}],"wp:attachment":[{"href":"https:\/\/www.ernstbrunn-apotheke.at\/katalog\/wp-json\/wp\/v2\/media?parent=115517"}],"wp:term":[{"taxonomy":"product_brand","embeddable":true,"href":"https:\/\/www.ernstbrunn-apotheke.at\/katalog\/wp-json\/wp\/v2\/product_brand?post=115517"},{"taxonomy":"product_cat","embeddable":true,"href":"https:\/\/www.ernstbrunn-apotheke.at\/katalog\/wp-json\/wp\/v2\/product_cat?post=115517"},{"taxonomy":"product_tag","embeddable":true,"href":"https:\/\/www.ernstbrunn-apotheke.at\/katalog\/wp-json\/wp\/v2\/product_tag?post=115517"}],"curies":[{"name":"wp","href":"https:\/\/api.w.org\/{rel}","templated":true}]}}