{"id":115514,"date":"2025-11-13T07:26:29","date_gmt":"2025-11-13T06:26:29","guid":{"rendered":"https:\/\/www.ernstbrunn-apotheke.at\/katalog\/produkt\/allin-light-protein-maracuja-250ml\/"},"modified":"2025-12-08T22:48:34","modified_gmt":"2025-12-08T21:48:34","slug":"allin-light-protein-maracuja-250ml","status":"publish","type":"product","link":"https:\/\/www.ernstbrunn-apotheke.at\/katalog\/produkt\/allin-light-protein-maracuja-250ml\/","title":{"rendered":"allin LIGHT Protein Maracuja 250ml"},"content":{"rendered":"<p>allin LIGHT Maracuja ist ein Protein Water (Eiwei\u00df-Getr\u00e4nk) auf Wasserbasis mit Kollagen Eiwei\u00df, das Dich mit 33% Prozent des Tagesbedarfs* an Eiwei\u00df, 13 Vitaminen und 14 Mineralstoffen versorgt.<\/p>\n","protected":false},"excerpt":{"rendered":"<p>allin LIGHT Maracuja ist ein Protein Water (Eiwei\u00df-Getr\u00e4nk) auf Wasserbasis mit Kollagen Eiwei\u00df, das Dich mit 33% Prozent des Tagesbedarfs* an Eiwei\u00df, 13 Vitaminen und 14 Mineralstoffen versorgt.<\/p>\n","protected":false},"featured_media":115516,"template":"","meta":{"_acf_changed":false},"product_brand":[],"product_cat":[801],"product_tag":[],"class_list":{"0":"post-115514","1":"product","2":"type-product","3":"status-publish","4":"has-post-thumbnail","6":"product_cat-a","7":"pa_packungsgroesse-14-stueck","9":"first","10":"instock","11":"shipping-taxable","12":"purchasable","13":"product-type-simple"},"acf":[],"_links":{"self":[{"href":"https:\/\/www.ernstbrunn-apotheke.at\/katalog\/wp-json\/wp\/v2\/product\/115514","targetHints":{"allow":["GET"]}}],"collection":[{"href":"https:\/\/www.ernstbrunn-apotheke.at\/katalog\/wp-json\/wp\/v2\/product"}],"about":[{"href":"https:\/\/www.ernstbrunn-apotheke.at\/katalog\/wp-json\/wp\/v2\/types\/product"}],"wp:featuredmedia":[{"embeddable":true,"href":"https:\/\/www.ernstbrunn-apotheke.at\/katalog\/wp-json\/wp\/v2\/media\/115516"}],"wp:attachment":[{"href":"https:\/\/www.ernstbrunn-apotheke.at\/katalog\/wp-json\/wp\/v2\/media?parent=115514"}],"wp:term":[{"taxonomy":"product_brand","embeddable":true,"href":"https:\/\/www.ernstbrunn-apotheke.at\/katalog\/wp-json\/wp\/v2\/product_brand?post=115514"},{"taxonomy":"product_cat","embeddable":true,"href":"https:\/\/www.ernstbrunn-apotheke.at\/katalog\/wp-json\/wp\/v2\/product_cat?post=115514"},{"taxonomy":"product_tag","embeddable":true,"href":"https:\/\/www.ernstbrunn-apotheke.at\/katalog\/wp-json\/wp\/v2\/product_tag?post=115514"}],"curies":[{"name":"wp","href":"https:\/\/api.w.org\/{rel}","templated":true}]}}