{"id":115511,"date":"2025-11-13T07:26:29","date_gmt":"2025-11-13T06:26:29","guid":{"rendered":"https:\/\/www.ernstbrunn-apotheke.at\/katalog\/produkt\/allin-5er-mix-complete-protein-mahlzeit-14-x-200-ml\/"},"modified":"2025-12-08T22:48:32","modified_gmt":"2025-12-08T21:48:32","slug":"allin-5er-mix-complete-protein-mahlzeit-14-x-200-ml","status":"publish","type":"product","link":"https:\/\/www.ernstbrunn-apotheke.at\/katalog\/produkt\/allin-5er-mix-complete-protein-mahlzeit-14-x-200-ml\/","title":{"rendered":"allin 5er MIX COMPLETE Protein Mahlzeit (14 x 200 ml)"},"content":{"rendered":"<p>all in 5er MIX COMPLETE enth\u00e4lt alle 5 Sorten der all in Protein Mahlzeiten (eiwei\u00dfreiche Trinknahrung), die Dich mit je 33% Prozent des Tagesbedarfs an Eiwei\u00df, 13 Vitaminen und 14 Mineralstoffen versorgen. Das all in 5er MIX COMPLETE enth\u00e4lt 4 Protein Mahlzeiten mit dem Geschmack Schokolade, 4 Protein Mahlzeiten mit dem Geschmack Vanille, 2 Protein Mahlzeiten mit dem Geschmack Kaffe, 2 Protein Mahlzeiten mit dem Geschmack Erdbeere und 2 Protein Mahlzeiten mit dem Geschmack Banane, zu jeweils 200 ml.<\/p>\n","protected":false},"excerpt":{"rendered":"<p>all in 5er MIX COMPLETE enth\u00e4lt alle 5 Sorten der all in Protein Mahlzeiten (eiwei\u00dfreiche Trinknahrung), die Dich mit je 33% Prozent des Tagesbedarfs an Eiwei\u00df, 13 Vitaminen und 14 Mineralstoffen versorgen. Das all in 5er MIX COMPLETE enth\u00e4lt 4 Protein Mahlzeiten mit dem Geschmack Schokolade, 4 Protein Mahlzeiten mit dem Geschmack Vanille, 2 Protein [&hellip;]<\/p>\n","protected":false},"featured_media":115513,"template":"","meta":{"_acf_changed":false},"product_brand":[],"product_cat":[801],"product_tag":[],"class_list":{"0":"post-115511","1":"product","2":"type-product","3":"status-publish","4":"has-post-thumbnail","6":"product_cat-a","7":"pa_packungsgroesse-14-stueck","9":"first","10":"instock","11":"shipping-taxable","12":"purchasable","13":"product-type-simple"},"acf":[],"_links":{"self":[{"href":"https:\/\/www.ernstbrunn-apotheke.at\/katalog\/wp-json\/wp\/v2\/product\/115511","targetHints":{"allow":["GET"]}}],"collection":[{"href":"https:\/\/www.ernstbrunn-apotheke.at\/katalog\/wp-json\/wp\/v2\/product"}],"about":[{"href":"https:\/\/www.ernstbrunn-apotheke.at\/katalog\/wp-json\/wp\/v2\/types\/product"}],"wp:featuredmedia":[{"embeddable":true,"href":"https:\/\/www.ernstbrunn-apotheke.at\/katalog\/wp-json\/wp\/v2\/media\/115513"}],"wp:attachment":[{"href":"https:\/\/www.ernstbrunn-apotheke.at\/katalog\/wp-json\/wp\/v2\/media?parent=115511"}],"wp:term":[{"taxonomy":"product_brand","embeddable":true,"href":"https:\/\/www.ernstbrunn-apotheke.at\/katalog\/wp-json\/wp\/v2\/product_brand?post=115511"},{"taxonomy":"product_cat","embeddable":true,"href":"https:\/\/www.ernstbrunn-apotheke.at\/katalog\/wp-json\/wp\/v2\/product_cat?post=115511"},{"taxonomy":"product_tag","embeddable":true,"href":"https:\/\/www.ernstbrunn-apotheke.at\/katalog\/wp-json\/wp\/v2\/product_tag?post=115511"}],"curies":[{"name":"wp","href":"https:\/\/api.w.org\/{rel}","templated":true}]}}