{"id":115492,"date":"2025-11-13T07:25:32","date_gmt":"2025-11-13T06:25:32","guid":{"rendered":"https:\/\/www.ernstbrunn-apotheke.at\/katalog\/produkt\/allgaeuer-latschenkiefer-hornhaut-entferner-maske-1-stk\/"},"modified":"2025-12-08T22:48:25","modified_gmt":"2025-12-08T21:48:25","slug":"allgaeuer-latschenkiefer-hornhaut-entferner-maske-1-stk","status":"publish","type":"product","link":"https:\/\/www.ernstbrunn-apotheke.at\/katalog\/produkt\/allgaeuer-latschenkiefer-hornhaut-entferner-maske-1-stk\/","title":{"rendered":"Allg\u00e4uer Latschenkiefer Hornhaut Entferner Maske 1 Stk."},"content":{"rendered":"<p>Allg\u00e4uer Latschenkiefer Hornhaut Entferner Maske schafft Abhilfe bei Schwielen und Hornhaut. Auch reduziert sie H\u00fchneraugen, sowie raue Haut. Weiters spendet die Maske Feuchtigkeit und schenkt geschmeidige und zarte F\u00fc\u00dfe.<\/p>\n","protected":false},"excerpt":{"rendered":"<p>Allg\u00e4uer Latschenkiefer Hornhaut Entferner Maske schafft Abhilfe bei Schwielen und Hornhaut. Auch reduziert sie H\u00fchneraugen, sowie raue Haut. Weiters spendet die Maske Feuchtigkeit und schenkt geschmeidige und zarte F\u00fc\u00dfe.<\/p>\n","protected":false},"featured_media":115494,"template":"","meta":{"_acf_changed":false},"product_brand":[744],"product_cat":[801],"product_tag":[],"class_list":{"0":"post-115492","1":"product","2":"type-product","3":"status-publish","4":"has-post-thumbnail","6":"product_brand-allgaeuer-latschenkiefer","7":"product_cat-a","8":"pa_packungsgroesse-1-stueck","10":"first","11":"instock","12":"shipping-taxable","13":"purchasable","14":"product-type-simple"},"acf":[],"_links":{"self":[{"href":"https:\/\/www.ernstbrunn-apotheke.at\/katalog\/wp-json\/wp\/v2\/product\/115492","targetHints":{"allow":["GET"]}}],"collection":[{"href":"https:\/\/www.ernstbrunn-apotheke.at\/katalog\/wp-json\/wp\/v2\/product"}],"about":[{"href":"https:\/\/www.ernstbrunn-apotheke.at\/katalog\/wp-json\/wp\/v2\/types\/product"}],"wp:featuredmedia":[{"embeddable":true,"href":"https:\/\/www.ernstbrunn-apotheke.at\/katalog\/wp-json\/wp\/v2\/media\/115494"}],"wp:attachment":[{"href":"https:\/\/www.ernstbrunn-apotheke.at\/katalog\/wp-json\/wp\/v2\/media?parent=115492"}],"wp:term":[{"taxonomy":"product_brand","embeddable":true,"href":"https:\/\/www.ernstbrunn-apotheke.at\/katalog\/wp-json\/wp\/v2\/product_brand?post=115492"},{"taxonomy":"product_cat","embeddable":true,"href":"https:\/\/www.ernstbrunn-apotheke.at\/katalog\/wp-json\/wp\/v2\/product_cat?post=115492"},{"taxonomy":"product_tag","embeddable":true,"href":"https:\/\/www.ernstbrunn-apotheke.at\/katalog\/wp-json\/wp\/v2\/product_tag?post=115492"}],"curies":[{"name":"wp","href":"https:\/\/api.w.org\/{rel}","templated":true}]}}