{"id":115479,"date":"2025-11-13T07:25:32","date_gmt":"2025-11-13T06:25:32","guid":{"rendered":"https:\/\/www.ernstbrunn-apotheke.at\/katalog\/produkt\/allergyl-schutzspray-800mg-1-stk\/"},"modified":"2025-12-08T22:48:22","modified_gmt":"2025-12-08T21:48:22","slug":"allergyl-schutzspray-800mg-1-stk","status":"publish","type":"product","link":"https:\/\/www.ernstbrunn-apotheke.at\/katalog\/produkt\/allergyl-schutzspray-800mg-1-stk\/","title":{"rendered":"Allergyl Schutzspray 800mg 1 Stk."},"content":{"rendered":"<p>Allergyl Schutzspray ist eine vorbeugende Behandlung von Heuschnupfen und allergischer Rhinitis, ausgel\u00f6st durch Pollen-, Tierhaar- oder Hausstaubmilben. Allergyl Schutzspray wirkt zu 100 % nat\u00fcrlich, er enth\u00e4lt keine Arznei- und Konservierungsstoffe. Der Allergyl Schutzspray wirkt vorbeugend, um eine allergische Reaktion zu verhindern, noch bevor die Symptome auftreten. Allergyl Schutzspray ist ein Nasenspray in Pulverform. In der Nase wandelt sich das Pulver in ein Gel um, das eine l\u00fcckenlose Schutzschicht gegen in der Luft befindliche Allergene bildet. Allergyl wirkt genau dort, wo die allergische Reaktion beginnt, indem es die Nasenschleimhaut vor in der Luft befindlichen Allergenen sch\u00fctzt. So kann die Freisetzung von Histamin und anderen Entz\u00fcndungsmediatoren aus den Mastzellen (Degranulation) verhindert werden.<\/p>\n","protected":false},"excerpt":{"rendered":"<p>Allergyl Schutzspray ist eine vorbeugende Behandlung von Heuschnupfen und allergischer Rhinitis, ausgel\u00f6st durch Pollen-, Tierhaar- oder Hausstaubmilben. Allergyl Schutzspray wirkt zu 100 % nat\u00fcrlich, er enth\u00e4lt keine Arznei- und Konservierungsstoffe. Der Allergyl Schutzspray wirkt vorbeugend, um eine allergische Reaktion zu verhindern, noch bevor die Symptome auftreten. Allergyl Schutzspray ist ein Nasenspray in Pulverform. In der [&hellip;]<\/p>\n","protected":false},"featured_media":115481,"template":"","meta":{"_acf_changed":false},"product_brand":[],"product_cat":[801],"product_tag":[],"class_list":{"0":"post-115479","1":"product","2":"type-product","3":"status-publish","4":"has-post-thumbnail","6":"product_cat-a","7":"pa_packungsgroesse-1448","9":"first","10":"instock","11":"shipping-taxable","12":"purchasable","13":"product-type-simple"},"acf":[],"_links":{"self":[{"href":"https:\/\/www.ernstbrunn-apotheke.at\/katalog\/wp-json\/wp\/v2\/product\/115479","targetHints":{"allow":["GET"]}}],"collection":[{"href":"https:\/\/www.ernstbrunn-apotheke.at\/katalog\/wp-json\/wp\/v2\/product"}],"about":[{"href":"https:\/\/www.ernstbrunn-apotheke.at\/katalog\/wp-json\/wp\/v2\/types\/product"}],"wp:featuredmedia":[{"embeddable":true,"href":"https:\/\/www.ernstbrunn-apotheke.at\/katalog\/wp-json\/wp\/v2\/media\/115481"}],"wp:attachment":[{"href":"https:\/\/www.ernstbrunn-apotheke.at\/katalog\/wp-json\/wp\/v2\/media?parent=115479"}],"wp:term":[{"taxonomy":"product_brand","embeddable":true,"href":"https:\/\/www.ernstbrunn-apotheke.at\/katalog\/wp-json\/wp\/v2\/product_brand?post=115479"},{"taxonomy":"product_cat","embeddable":true,"href":"https:\/\/www.ernstbrunn-apotheke.at\/katalog\/wp-json\/wp\/v2\/product_cat?post=115479"},{"taxonomy":"product_tag","embeddable":true,"href":"https:\/\/www.ernstbrunn-apotheke.at\/katalog\/wp-json\/wp\/v2\/product_tag?post=115479"}],"curies":[{"name":"wp","href":"https:\/\/api.w.org\/{rel}","templated":true}]}}