{"id":115465,"date":"2025-11-13T07:25:32","date_gmt":"2025-11-13T06:25:32","guid":{"rendered":"https:\/\/www.ernstbrunn-apotheke.at\/katalog\/produkt\/alicema-handcreme-30-ml-spf-30\/"},"modified":"2025-12-08T22:48:19","modified_gmt":"2025-12-08T21:48:19","slug":"alicema-handcreme-30-ml-spf-30","status":"publish","type":"product","link":"https:\/\/www.ernstbrunn-apotheke.at\/katalog\/produkt\/alicema-handcreme-30-ml-spf-30\/","title":{"rendered":"Alicema Handcreme 30 ml SPF 30"},"content":{"rendered":"<p>Sheabutter st\u00e4rkt mit ihren feuchtigkeitsspendenden und pflegenden Eigenschaften die Hautbarriere. Vitamin E sch\u00fctzt vor freien Radikalen.Mandel\u00f6l ist besonders gut vertr\u00e4glich und reich an wertvollen Inhaltsstoffen, die de Haut beruhigen und pflegen.LSF 30. Die H\u00e4nde sind oft ungesch\u00fctzt der Sonne ausgesetzt. Erst durch ausreichenden Sonnenschutz ist die Haut optimal gesch\u00fctzt und versorgt. Dies gilt besonders f\u00fcr empfindliche, strapazierte Haut. Alicema sch\u00fctzt vor UVA- (15) und UVB (SPF 30)-Strahlen.<\/p>\n","protected":false},"excerpt":{"rendered":"<p>Sheabutter st\u00e4rkt mit ihren feuchtigkeitsspendenden und pflegenden Eigenschaften die Hautbarriere. Vitamin E sch\u00fctzt vor freien Radikalen.Mandel\u00f6l ist besonders gut vertr\u00e4glich und reich an wertvollen Inhaltsstoffen, die de Haut beruhigen und pflegen.LSF 30. Die H\u00e4nde sind oft ungesch\u00fctzt der Sonne ausgesetzt. Erst durch ausreichenden Sonnenschutz ist die Haut optimal gesch\u00fctzt und versorgt. Dies gilt besonders f\u00fcr [&hellip;]<\/p>\n","protected":false},"featured_media":115467,"template":"","meta":{"_acf_changed":false},"product_brand":[],"product_cat":[801],"product_tag":[],"class_list":{"0":"post-115465","1":"product","2":"type-product","3":"status-publish","4":"has-post-thumbnail","6":"product_cat-a","7":"pa_packungsgroesse-30ml","9":"first","10":"instock","11":"shipping-taxable","12":"purchasable","13":"product-type-simple"},"acf":[],"_links":{"self":[{"href":"https:\/\/www.ernstbrunn-apotheke.at\/katalog\/wp-json\/wp\/v2\/product\/115465","targetHints":{"allow":["GET"]}}],"collection":[{"href":"https:\/\/www.ernstbrunn-apotheke.at\/katalog\/wp-json\/wp\/v2\/product"}],"about":[{"href":"https:\/\/www.ernstbrunn-apotheke.at\/katalog\/wp-json\/wp\/v2\/types\/product"}],"wp:featuredmedia":[{"embeddable":true,"href":"https:\/\/www.ernstbrunn-apotheke.at\/katalog\/wp-json\/wp\/v2\/media\/115467"}],"wp:attachment":[{"href":"https:\/\/www.ernstbrunn-apotheke.at\/katalog\/wp-json\/wp\/v2\/media?parent=115465"}],"wp:term":[{"taxonomy":"product_brand","embeddable":true,"href":"https:\/\/www.ernstbrunn-apotheke.at\/katalog\/wp-json\/wp\/v2\/product_brand?post=115465"},{"taxonomy":"product_cat","embeddable":true,"href":"https:\/\/www.ernstbrunn-apotheke.at\/katalog\/wp-json\/wp\/v2\/product_cat?post=115465"},{"taxonomy":"product_tag","embeddable":true,"href":"https:\/\/www.ernstbrunn-apotheke.at\/katalog\/wp-json\/wp\/v2\/product_tag?post=115465"}],"curies":[{"name":"wp","href":"https:\/\/api.w.org\/{rel}","templated":true}]}}