{"id":115449,"date":"2025-11-13T07:25:00","date_gmt":"2025-11-13T06:25:00","guid":{"rendered":"https:\/\/www.ernstbrunn-apotheke.at\/katalog\/produkt\/aldiamed-mundwasser-500-ml\/"},"modified":"2025-12-08T22:48:14","modified_gmt":"2025-12-08T21:48:14","slug":"aldiamed-mundwasser-500-ml","status":"publish","type":"product","link":"https:\/\/www.ernstbrunn-apotheke.at\/katalog\/produkt\/aldiamed-mundwasser-500-ml\/","title":{"rendered":"Aldiamed Mundwasser 500 ml"},"content":{"rendered":"<p>Aldiamed Mundwasser dient zur Behandlung bei Mundtrockenheit, reinigt wirksam und unterst\u00fctzt den nat\u00fcrlichen Enzymschutz in der Mundh\u00f6hle. Das Mundwasser wirkt antibakteriell durch Schutz-Enzym und sorgt f\u00fcr frischen Atem.<\/p>\n","protected":false},"excerpt":{"rendered":"<p>Aldiamed Mundwasser dient zur Behandlung bei Mundtrockenheit, reinigt wirksam und unterst\u00fctzt den nat\u00fcrlichen Enzymschutz in der Mundh\u00f6hle. Das Mundwasser wirkt antibakteriell durch Schutz-Enzym und sorgt f\u00fcr frischen Atem.<\/p>\n","protected":false},"featured_media":115451,"template":"","meta":{"_acf_changed":false},"product_brand":[],"product_cat":[801],"product_tag":[],"class_list":{"0":"post-115449","1":"product","2":"type-product","3":"status-publish","4":"has-post-thumbnail","6":"product_cat-a","7":"pa_packungsgroesse-500ml","9":"first","10":"instock","11":"shipping-taxable","12":"purchasable","13":"product-type-simple"},"acf":[],"_links":{"self":[{"href":"https:\/\/www.ernstbrunn-apotheke.at\/katalog\/wp-json\/wp\/v2\/product\/115449","targetHints":{"allow":["GET"]}}],"collection":[{"href":"https:\/\/www.ernstbrunn-apotheke.at\/katalog\/wp-json\/wp\/v2\/product"}],"about":[{"href":"https:\/\/www.ernstbrunn-apotheke.at\/katalog\/wp-json\/wp\/v2\/types\/product"}],"wp:featuredmedia":[{"embeddable":true,"href":"https:\/\/www.ernstbrunn-apotheke.at\/katalog\/wp-json\/wp\/v2\/media\/115451"}],"wp:attachment":[{"href":"https:\/\/www.ernstbrunn-apotheke.at\/katalog\/wp-json\/wp\/v2\/media?parent=115449"}],"wp:term":[{"taxonomy":"product_brand","embeddable":true,"href":"https:\/\/www.ernstbrunn-apotheke.at\/katalog\/wp-json\/wp\/v2\/product_brand?post=115449"},{"taxonomy":"product_cat","embeddable":true,"href":"https:\/\/www.ernstbrunn-apotheke.at\/katalog\/wp-json\/wp\/v2\/product_cat?post=115449"},{"taxonomy":"product_tag","embeddable":true,"href":"https:\/\/www.ernstbrunn-apotheke.at\/katalog\/wp-json\/wp\/v2\/product_tag?post=115449"}],"curies":[{"name":"wp","href":"https:\/\/api.w.org\/{rel}","templated":true}]}}