{"id":115433,"date":"2025-11-13T07:24:39","date_gmt":"2025-11-13T06:24:39","guid":{"rendered":"https:\/\/www.ernstbrunn-apotheke.at\/katalog\/produkt\/alaunstein-mit-huelse-1-stk\/"},"modified":"2025-12-08T22:48:07","modified_gmt":"2025-12-08T21:48:07","slug":"alaunstein-mit-huelse-1-stk","status":"publish","type":"product","link":"https:\/\/www.ernstbrunn-apotheke.at\/katalog\/produkt\/alaunstein-mit-huelse-1-stk\/","title":{"rendered":"Alaunstein mit H\u00fclse 1 Stk."},"content":{"rendered":"<p>Alaunstein mit H\u00fclse wird eingesetzt, um oberfl\u00e4chliche Hautverletzungen, wie sie etwa beim Rasieren auftreten k\u00f6nnen, zu behandeln und die Blutstillung zu bewirken. Zudem wirkt dieses Produkt mild desinfizierend.<\/p>\n","protected":false},"excerpt":{"rendered":"<p>Alaunstein mit H\u00fclse wird eingesetzt, um oberfl\u00e4chliche Hautverletzungen, wie sie etwa beim Rasieren auftreten k\u00f6nnen, zu behandeln und die Blutstillung zu bewirken. Zudem wirkt dieses Produkt mild desinfizierend.<\/p>\n","protected":false},"featured_media":115435,"template":"","meta":{"_acf_changed":false},"product_brand":[],"product_cat":[801],"product_tag":[],"class_list":{"0":"post-115433","1":"product","2":"type-product","3":"status-publish","4":"has-post-thumbnail","6":"product_cat-a","7":"pa_packungsgroesse-1-stueck","9":"first","10":"instock","11":"shipping-taxable","12":"purchasable","13":"product-type-simple"},"acf":[],"_links":{"self":[{"href":"https:\/\/www.ernstbrunn-apotheke.at\/katalog\/wp-json\/wp\/v2\/product\/115433","targetHints":{"allow":["GET"]}}],"collection":[{"href":"https:\/\/www.ernstbrunn-apotheke.at\/katalog\/wp-json\/wp\/v2\/product"}],"about":[{"href":"https:\/\/www.ernstbrunn-apotheke.at\/katalog\/wp-json\/wp\/v2\/types\/product"}],"wp:featuredmedia":[{"embeddable":true,"href":"https:\/\/www.ernstbrunn-apotheke.at\/katalog\/wp-json\/wp\/v2\/media\/115435"}],"wp:attachment":[{"href":"https:\/\/www.ernstbrunn-apotheke.at\/katalog\/wp-json\/wp\/v2\/media?parent=115433"}],"wp:term":[{"taxonomy":"product_brand","embeddable":true,"href":"https:\/\/www.ernstbrunn-apotheke.at\/katalog\/wp-json\/wp\/v2\/product_brand?post=115433"},{"taxonomy":"product_cat","embeddable":true,"href":"https:\/\/www.ernstbrunn-apotheke.at\/katalog\/wp-json\/wp\/v2\/product_cat?post=115433"},{"taxonomy":"product_tag","embeddable":true,"href":"https:\/\/www.ernstbrunn-apotheke.at\/katalog\/wp-json\/wp\/v2\/product_tag?post=115433"}],"curies":[{"name":"wp","href":"https:\/\/api.w.org\/{rel}","templated":true}]}}