{"id":11518,"date":"2025-11-07T14:34:08","date_gmt":"2025-11-07T13:34:08","guid":{"rendered":"https:\/\/www.ernstbrunn-apotheke.at\/katalog\/produkt\/doralgomed-mobil-kapseln-30-stk\/"},"modified":"2025-12-08T13:31:34","modified_gmt":"2025-12-08T12:31:34","slug":"doralgomed-mobil-kapseln-30-stk","status":"publish","type":"product","link":"https:\/\/www.ernstbrunn-apotheke.at\/katalog\/produkt\/doralgomed-mobil-kapseln-30-stk\/","title":{"rendered":"Doralgomed Mobil-Kapseln 30 Stk."},"content":{"rendered":"<p>Doralgomed Mobil-Kapseln dienen zur di\u00e4tetischen Behandlung von Wirbels\u00e4ulensyndromen und Polyneuropathien. Die Kapseln aktivieren k\u00f6rpereigene Reperaturmechanismen und beschleunigen die Regeneration gesch\u00e4digter Nervenstrukturen und ihrer Funktion.<\/p>\n","protected":false},"excerpt":{"rendered":"<p>Doralgomed Mobil-Kapseln dienen zur di\u00e4tetischen Behandlung von Wirbels\u00e4ulensyndromen und Polyneuropathien. Die Kapseln aktivieren k\u00f6rpereigene Reperaturmechanismen und beschleunigen die Regeneration gesch\u00e4digter Nervenstrukturen und ihrer Funktion.<\/p>\n","protected":false},"featured_media":11520,"template":"","meta":{"_acf_changed":false},"product_brand":[],"product_cat":[792],"product_tag":[],"class_list":{"0":"post-11518","1":"product","2":"type-product","3":"status-publish","4":"has-post-thumbnail","6":"product_cat-d","7":"pa_packungsgroesse-30-stueck","9":"first","10":"instock","11":"shipping-taxable","12":"purchasable","13":"product-type-simple"},"acf":[],"_links":{"self":[{"href":"https:\/\/www.ernstbrunn-apotheke.at\/katalog\/wp-json\/wp\/v2\/product\/11518","targetHints":{"allow":["GET"]}}],"collection":[{"href":"https:\/\/www.ernstbrunn-apotheke.at\/katalog\/wp-json\/wp\/v2\/product"}],"about":[{"href":"https:\/\/www.ernstbrunn-apotheke.at\/katalog\/wp-json\/wp\/v2\/types\/product"}],"wp:featuredmedia":[{"embeddable":true,"href":"https:\/\/www.ernstbrunn-apotheke.at\/katalog\/wp-json\/wp\/v2\/media\/11520"}],"wp:attachment":[{"href":"https:\/\/www.ernstbrunn-apotheke.at\/katalog\/wp-json\/wp\/v2\/media?parent=11518"}],"wp:term":[{"taxonomy":"product_brand","embeddable":true,"href":"https:\/\/www.ernstbrunn-apotheke.at\/katalog\/wp-json\/wp\/v2\/product_brand?post=11518"},{"taxonomy":"product_cat","embeddable":true,"href":"https:\/\/www.ernstbrunn-apotheke.at\/katalog\/wp-json\/wp\/v2\/product_cat?post=11518"},{"taxonomy":"product_tag","embeddable":true,"href":"https:\/\/www.ernstbrunn-apotheke.at\/katalog\/wp-json\/wp\/v2\/product_tag?post=11518"}],"curies":[{"name":"wp","href":"https:\/\/api.w.org\/{rel}","templated":true}]}}