{"id":114903,"date":"2025-11-13T07:10:53","date_gmt":"2025-11-13T06:10:53","guid":{"rendered":"https:\/\/www.ernstbrunn-apotheke.at\/katalog\/produkt\/apofit-aetherisches-oel-belebend-10-ml\/"},"modified":"2025-12-08T22:45:58","modified_gmt":"2025-12-08T21:45:58","slug":"apofit-aetherisches-oel-belebend-10-ml","status":"publish","type":"product","link":"https:\/\/www.ernstbrunn-apotheke.at\/katalog\/produkt\/apofit-aetherisches-oel-belebend-10-ml\/","title":{"rendered":"Apofit \u00c4therisches \u00d6l Belebend 10 ml"},"content":{"rendered":"<p>Apofit: Die 1994 gegr\u00fcndete Firma, startete unter dem Namen LM Naturprodukte mit dem Handel von \u00e4therischen \u2122len und entwickelte sich rasch zum fhrenden Anbieter bei \u00f6sterreichischen Apotheken. In den darauf folgenden Jahren wurde das Sortiment mit naturreinen \u2122len, Nahrungserg\u00e4nzungsmitteln und Kosmetika kontinuierlich erweitert.Seit 1997 firmiert das Unternehmen unter dem Namen Apofit Handels GmbH. Unter der geschtzten, registrierten Marke Apofit wurden laufend weitere Produktsegmente, wie z.B. Medizinprodukte integriert, die die hohen, zertifizierten Qualit\u00e4tsstandards in \u00d6sterreich erfllen. Nicht zur Einnahme bestimmt!.<\/p>\n","protected":false},"excerpt":{"rendered":"<p>Apofit: Die 1994 gegr\u00fcndete Firma, startete unter dem Namen LM Naturprodukte mit dem Handel von \u00e4therischen \u2122len und entwickelte sich rasch zum fhrenden Anbieter bei \u00f6sterreichischen Apotheken. In den darauf folgenden Jahren wurde das Sortiment mit naturreinen \u2122len, Nahrungserg\u00e4nzungsmitteln und Kosmetika kontinuierlich erweitert.Seit 1997 firmiert das Unternehmen unter dem Namen Apofit Handels GmbH. Unter der [&hellip;]<\/p>\n","protected":false},"featured_media":0,"template":"","meta":{"_acf_changed":false},"product_brand":[584],"product_cat":[801],"product_tag":[],"class_list":{"0":"post-114903","1":"product","2":"type-product","3":"status-publish","5":"product_brand-apofit","6":"product_cat-a","7":"pa_packungsgroesse-10ml","9":"first","10":"instock","11":"shipping-taxable","12":"purchasable","13":"product-type-simple"},"acf":[],"_links":{"self":[{"href":"https:\/\/www.ernstbrunn-apotheke.at\/katalog\/wp-json\/wp\/v2\/product\/114903","targetHints":{"allow":["GET"]}}],"collection":[{"href":"https:\/\/www.ernstbrunn-apotheke.at\/katalog\/wp-json\/wp\/v2\/product"}],"about":[{"href":"https:\/\/www.ernstbrunn-apotheke.at\/katalog\/wp-json\/wp\/v2\/types\/product"}],"wp:attachment":[{"href":"https:\/\/www.ernstbrunn-apotheke.at\/katalog\/wp-json\/wp\/v2\/media?parent=114903"}],"wp:term":[{"taxonomy":"product_brand","embeddable":true,"href":"https:\/\/www.ernstbrunn-apotheke.at\/katalog\/wp-json\/wp\/v2\/product_brand?post=114903"},{"taxonomy":"product_cat","embeddable":true,"href":"https:\/\/www.ernstbrunn-apotheke.at\/katalog\/wp-json\/wp\/v2\/product_cat?post=114903"},{"taxonomy":"product_tag","embeddable":true,"href":"https:\/\/www.ernstbrunn-apotheke.at\/katalog\/wp-json\/wp\/v2\/product_tag?post=114903"}],"curies":[{"name":"wp","href":"https:\/\/api.w.org\/{rel}","templated":true}]}}